{"id":1001,"date":"2022-07-25T14:05:19","date_gmt":"2022-07-25T14:05:19","guid":{"rendered":"https:\/\/acnoum.tk\/?page_id=1001"},"modified":"2022-09-01T13:09:39","modified_gmt":"2022-09-01T13:09:39","slug":"la-gomera","status":"publish","type":"page","link":"https:\/\/staging.acnoum.com\/pl\/la-gomera\/","title":{"rendered":"La Gomera"},"content":{"rendered":"<div data-elementor-type=\"wp-page\" data-elementor-id=\"1001\" class=\"elementor elementor-1001\" data-elementor-post-type=\"page\">\n\t\t\t\t\t\t<section class=\"elementor-section elementor-top-section elementor-element elementor-element-2f110475 elementor-section-full_width elementor-section-height-default elementor-section-height-default\" data-id=\"2f110475\" data-element_type=\"section\">\n\t\t\t\t\t\t<div class=\"elementor-container elementor-column-gap-default\">\n\t\t\t\t\t<div class=\"elementor-column elementor-col-100 elementor-top-column elementor-element elementor-element-39948257\" data-id=\"39948257\" data-element_type=\"column\">\n\t\t\t<div class=\"elementor-widget-wrap elementor-element-populated\">\n\t\t\t\t\t\t<div class=\"elementor-element elementor-element-5c60d051 elementor-cta--skin-cover elementor-cta--valign-middle elementor-widget elementor-widget-call-to-action\" data-id=\"5c60d051\" data-element_type=\"widget\" data-widget_type=\"call-to-action.default\">\n\t\t\t\t<div class=\"elementor-widget-container\">\n\t\t\t<link rel=\"stylesheet\" href=\"https:\/\/staging.acnoum.com\/wp-content\/plugins\/elementor-pro\/assets\/css\/widget-call-to-action.min.css\">\t\t<div class=\"elementor-cta\">\n\t\t\t\t\t<div class=\"elementor-cta__bg-wrapper\">\n\t\t\t\t<div class=\"elementor-cta__bg elementor-bg\" style=\"background-image: url(https:\/\/staging.acnoum.com\/wp-content\/uploads\/2022\/07\/001.jpg);\" role=\"img\" aria-label=\"001\"><\/div>\n\t\t\t\t<div class=\"elementor-cta__bg-overlay\"><\/div>\n\t\t\t<\/div>\n\t\t\t\t\t\t\t<div class=\"elementor-cta__content\">\n\t\t\t\t\n\t\t\t\t\t\t\t\t\t<div class=\"elementor-cta__title elementor-cta__content-item elementor-content-item\">\n\t\t\t\t\t\t'La Gomera'\t\t\t\t\t<\/div>\n\t\t\t\t\n\t\t\t\t\t\t\t\t\t<div class=\"elementor-cta__description elementor-cta__content-item elementor-content-item\">\n\t\t\t\t\t\tIn conversation with Nature\t\t\t\t\t<\/div>\n\t\t\t\t\n\t\t\t\t\t\t\t<\/div>\n\t\t\t\t\t\t<\/div>\n\t\t\t\t<\/div>\n\t\t\t\t<\/div>\n\t\t\t\t\t<\/div>\n\t\t<\/div>\n\t\t\t\t\t<\/div>\n\t\t<\/section>\n\t\t\t\t<section class=\"elementor-section elementor-top-section elementor-element elementor-element-65668597 elementor-section-boxed elementor-section-height-default elementor-section-height-default\" data-id=\"65668597\" data-element_type=\"section\">\n\t\t\t\t\t\t<div class=\"elementor-container elementor-column-gap-default\">\n\t\t\t\t\t<div class=\"elementor-column elementor-col-100 elementor-top-column elementor-element elementor-element-388071ac\" data-id=\"388071ac\" data-element_type=\"column\">\n\t\t\t<div class=\"elementor-widget-wrap elementor-element-populated\">\n\t\t\t\t\t\t<div class=\"elementor-element elementor-element-15e748a3 elementor-widget__width-initial elementor-absolute animated-slow e-transform elementor-invisible elementor-widget elementor-widget-text-editor\" data-id=\"15e748a3\" data-element_type=\"widget\" data-settings=\"{&quot;_position&quot;:&quot;absolute&quot;,&quot;_animation&quot;:&quot;fadeIn&quot;,&quot;_transform_rotateZ_effect&quot;:{&quot;unit&quot;:&quot;px&quot;,&quot;size&quot;:-90,&quot;sizes&quot;:[]},&quot;_transform_rotateZ_effect_tablet&quot;:{&quot;unit&quot;:&quot;deg&quot;,&quot;size&quot;:&quot;&quot;,&quot;sizes&quot;:[]},&quot;_transform_rotateZ_effect_mobile&quot;:{&quot;unit&quot;:&quot;deg&quot;,&quot;size&quot;:&quot;&quot;,&quot;sizes&quot;:[]}}\" data-widget_type=\"text-editor.default\">\n\t\t\t\t<div class=\"elementor-widget-container\">\n\t\t\t<style>\/*! elementor - v3.20.0 - 13-03-2024 *\/\n.elementor-widget-text-editor.elementor-drop-cap-view-stacked .elementor-drop-cap{background-color:#69727d;color:#fff}.elementor-widget-text-editor.elementor-drop-cap-view-framed .elementor-drop-cap{color:#69727d;border:3px solid;background-color:transparent}.elementor-widget-text-editor:not(.elementor-drop-cap-view-default) .elementor-drop-cap{margin-top:8px}.elementor-widget-text-editor:not(.elementor-drop-cap-view-default) .elementor-drop-cap-letter{width:1em;height:1em}.elementor-widget-text-editor .elementor-drop-cap{float:left;text-align:center;line-height:1;font-size:50px}.elementor-widget-text-editor .elementor-drop-cap-letter{display:inline-block}<\/style>\t\t\t\t<a style=\"color: white;\" href=\"https:\/\/www.facebook.com\/Acnoum-101098712357080\" target=\"_blank\" rel=\"noopener\">FACEBOOK<\/a>\t\t\t\t\t\t<\/div>\n\t\t\t\t<\/div>\n\t\t\t\t<div class=\"elementor-element elementor-element-14a48c12 elementor-widget__width-initial elementor-absolute animated-slow e-transform elementor-invisible elementor-widget elementor-widget-text-editor\" data-id=\"14a48c12\" data-element_type=\"widget\" data-settings=\"{&quot;_position&quot;:&quot;absolute&quot;,&quot;_animation&quot;:&quot;fadeIn&quot;,&quot;_animation_delay&quot;:500,&quot;_transform_rotateZ_effect&quot;:{&quot;unit&quot;:&quot;px&quot;,&quot;size&quot;:-90,&quot;sizes&quot;:[]},&quot;_transform_rotateZ_effect_tablet&quot;:{&quot;unit&quot;:&quot;deg&quot;,&quot;size&quot;:&quot;&quot;,&quot;sizes&quot;:[]},&quot;_transform_rotateZ_effect_mobile&quot;:{&quot;unit&quot;:&quot;deg&quot;,&quot;size&quot;:&quot;&quot;,&quot;sizes&quot;:[]}}\" data-widget_type=\"text-editor.default\">\n\t\t\t\t<div class=\"elementor-widget-container\">\n\t\t\t\t\t\t\t<a style=\"color: white;\" href=\"https:\/\/www.youtube.com\/channel\/UCtsceComF84A2olMK6ApOAw\/videos\" target=\"_blank\" rel=\"noopener\">YOUTUBE<\/a>\t\t\t\t\t\t<\/div>\n\t\t\t\t<\/div>\n\t\t\t\t<div class=\"elementor-element elementor-element-35c816f0 elementor-widget__width-initial elementor-absolute animated-slow e-transform elementor-invisible elementor-widget elementor-widget-text-editor\" data-id=\"35c816f0\" data-element_type=\"widget\" data-settings=\"{&quot;_position&quot;:&quot;absolute&quot;,&quot;_animation&quot;:&quot;fadeIn&quot;,&quot;_animation_delay&quot;:1000,&quot;_transform_rotateZ_effect&quot;:{&quot;unit&quot;:&quot;px&quot;,&quot;size&quot;:-90,&quot;sizes&quot;:[]},&quot;_transform_rotateZ_effect_tablet&quot;:{&quot;unit&quot;:&quot;deg&quot;,&quot;size&quot;:&quot;&quot;,&quot;sizes&quot;:[]},&quot;_transform_rotateZ_effect_mobile&quot;:{&quot;unit&quot;:&quot;deg&quot;,&quot;size&quot;:&quot;&quot;,&quot;sizes&quot;:[]}}\" data-widget_type=\"text-editor.default\">\n\t\t\t\t<div class=\"elementor-widget-container\">\n\t\t\t\t\t\t\t<a style=\"color: white;\" href=\"https:\/\/www.instagram.com\/acnoum\/\" target=\"_blank\" rel=\"noopener\">INSTAGRAM <\/a>\t\t\t\t\t\t<\/div>\n\t\t\t\t<\/div>\n\t\t\t\t\t<\/div>\n\t\t<\/div>\n\t\t\t\t\t<\/div>\n\t\t<\/section>\n\t\t\t\t<section class=\"elementor-section elementor-top-section elementor-element elementor-element-0df1cf6 elementor-section-full_width elementor-section-content-middle elementor-section-height-default elementor-section-height-default\" data-id=\"0df1cf6\" data-element_type=\"section\">\n\t\t\t\t\t\t<div class=\"elementor-container elementor-column-gap-custom\">\n\t\t\t\t\t<div class=\"elementor-column elementor-col-50 elementor-top-column elementor-element elementor-element-2111ec3\" data-id=\"2111ec3\" data-element_type=\"column\">\n\t\t\t<div class=\"elementor-widget-wrap elementor-element-populated\">\n\t\t\t\t\t\t<div class=\"elementor-element elementor-element-0c2f427 elementor-widget__width-initial elementor-widget elementor-widget-heading\" data-id=\"0c2f427\" data-element_type=\"widget\" data-widget_type=\"heading.default\">\n\t\t\t\t<div class=\"elementor-widget-container\">\n\t\t\t<style>\/*! elementor - v3.20.0 - 13-03-2024 *\/\n.elementor-heading-title{padding:0;margin:0;line-height:1}.elementor-widget-heading .elementor-heading-title[class*=elementor-size-]>a{color:inherit;font-size:inherit;line-height:inherit}.elementor-widget-heading .elementor-heading-title.elementor-size-small{font-size:15px}.elementor-widget-heading .elementor-heading-title.elementor-size-medium{font-size:19px}.elementor-widget-heading .elementor-heading-title.elementor-size-large{font-size:29px}.elementor-widget-heading .elementor-heading-title.elementor-size-xl{font-size:39px}.elementor-widget-heading .elementor-heading-title.elementor-size-xxl{font-size:59px}<\/style><h6 class=\"elementor-heading-title elementor-size-default\">\u201eUlotny, nierealny \u015bwiat\u201d<\/h6>\t\t<\/div>\n\t\t\t\t<\/div>\n\t\t\t\t<div class=\"elementor-element elementor-element-788d012 elementor-widget__width-initial elementor-widget elementor-widget-text-editor\" data-id=\"788d012\" data-element_type=\"widget\" data-widget_type=\"text-editor.default\">\n\t\t\t\t<div class=\"elementor-widget-container\">\n\t\t\t\t\t\t\t<p class=\" translation-block\">Czujesz wiatr, oddychasz, otwierasz oczy. Dni s\u0105 d\u0142u\u017csze, temperatura wysoka, a s\u0142o\u0144ce oblewa nasze otoczenie swoimi promieniami. Lekko\u015b\u0107 lata uspokaja my\u015bli i pobudza zmys\u0142y. <br>Tak namacalne, ale nierealne.<\/p>\t\t\t\t\t\t<\/div>\n\t\t\t\t<\/div>\n\t\t\t\t\t<\/div>\n\t\t<\/div>\n\t\t\t\t<div class=\"elementor-column elementor-col-50 elementor-top-column elementor-element elementor-element-285694f\" data-id=\"285694f\" data-element_type=\"column\">\n\t\t\t<div class=\"elementor-widget-wrap elementor-element-populated\">\n\t\t\t\t\t\t<div class=\"elementor-element elementor-element-e07e078 elementor-widget elementor-widget-image\" data-id=\"e07e078\" data-element_type=\"widget\" data-widget_type=\"image.default\">\n\t\t\t\t<div class=\"elementor-widget-container\">\n\t\t\t<style>\/*! elementor - v3.20.0 - 13-03-2024 *\/\n.elementor-widget-image{text-align:center}.elementor-widget-image a{display:inline-block}.elementor-widget-image a img[src$=\".svg\"]{width:48px}.elementor-widget-image img{vertical-align:middle;display:inline-block}<\/style>\t\t\t\t\t\t\t\t\t\t<img fetchpriority=\"high\" decoding=\"async\" width=\"954\" height=\"1090\" src=\"https:\/\/staging.acnoum.com\/wp-content\/uploads\/2022\/07\/1-13.jpg\" class=\"attachment-full size-full wp-image-1004\" alt=\"\" srcset=\"https:\/\/staging.acnoum.com\/wp-content\/uploads\/2022\/07\/1-13.jpg 954w, https:\/\/staging.acnoum.com\/wp-content\/uploads\/2022\/07\/1-13-263x300.jpg 263w, https:\/\/staging.acnoum.com\/wp-content\/uploads\/2022\/07\/1-13-896x1024.jpg 896w, https:\/\/staging.acnoum.com\/wp-content\/uploads\/2022\/07\/1-13-768x877.jpg 768w\" sizes=\"(max-width: 954px) 100vw, 954px\" \/>\t\t\t\t\t\t\t\t\t\t\t\t\t<\/div>\n\t\t\t\t<\/div>\n\t\t\t\t\t<\/div>\n\t\t<\/div>\n\t\t\t\t\t<\/div>\n\t\t<\/section>\n\t\t\t\t<section class=\"elementor-section elementor-top-section elementor-element elementor-element-fa950c4 elementor-section-full_width elementor-section-height-default elementor-section-height-default\" data-id=\"fa950c4\" data-element_type=\"section\">\n\t\t\t\t\t\t<div class=\"elementor-container elementor-column-gap-default\">\n\t\t\t\t\t<div class=\"elementor-column elementor-col-100 elementor-top-column elementor-element elementor-element-83c6e25\" data-id=\"83c6e25\" data-element_type=\"column\">\n\t\t\t<div class=\"elementor-widget-wrap elementor-element-populated\">\n\t\t\t\t\t\t<div class=\"elementor-element elementor-element-dfdc71c elementor-widget elementor-widget-text-editor\" data-id=\"dfdc71c\" data-element_type=\"widget\" data-widget_type=\"text-editor.default\">\n\t\t\t\t<div class=\"elementor-widget-container\">\n\t\t\t\t\t\t\t<p>Photos: Made It. Management<\/p>\t\t\t\t\t\t<\/div>\n\t\t\t\t<\/div>\n\t\t\t\t\t<\/div>\n\t\t<\/div>\n\t\t\t\t\t<\/div>\n\t\t<\/section>\n\t\t\t\t<section class=\"elementor-section elementor-top-section elementor-element elementor-element-b07b9ff elementor-section-boxed elementor-section-height-default elementor-section-height-default\" data-id=\"b07b9ff\" data-element_type=\"section\">\n\t\t\t\t\t\t<div class=\"elementor-container elementor-column-gap-no\">\n\t\t\t\t\t<div class=\"elementor-column elementor-col-100 elementor-top-column elementor-element elementor-element-2d27b87\" data-id=\"2d27b87\" data-element_type=\"column\">\n\t\t\t<div class=\"elementor-widget-wrap elementor-element-populated\">\n\t\t\t\t\t\t<div class=\"elementor-element elementor-element-d702863 elementor-widget elementor-widget-heading\" data-id=\"d702863\" data-element_type=\"widget\" data-widget_type=\"heading.default\">\n\t\t\t\t<div class=\"elementor-widget-container\">\n\t\t\t<h6 class=\"elementor-heading-title elementor-size-default\">Nieska\u017cona dzika natura<\/h6>\t\t<\/div>\n\t\t\t\t<\/div>\n\t\t\t\t<div class=\"elementor-element elementor-element-ddb4bac elementor-widget elementor-widget-text-editor\" data-id=\"ddb4bac\" data-element_type=\"widget\" data-widget_type=\"text-editor.default\">\n\t\t\t\t<div class=\"elementor-widget-container\">\n\t\t\t\t\t\t\t<p>Zabieramy Was na kr\u00f3tk\u0105 wycieczk\u0119, gdzie natura spotka si\u0119 ze sztuk\u0105 i gdzie minimalizm  Acnoum spotyka si\u0119 z nieska\u017conym ludzk\u0105 r\u0119k\u0105 otoczeniem. Prehistoryczne lasy, rzadkie  gatunki zwierz\u0105t, strome falezy i spokojne pla\u017ce s\u0105 atrybutem wyspy.<\/p>\t\t\t\t\t\t<\/div>\n\t\t\t\t<\/div>\n\t\t\t\t\t<\/div>\n\t\t<\/div>\n\t\t\t\t\t<\/div>\n\t\t<\/section>\n\t\t\t\t<section class=\"elementor-section elementor-top-section elementor-element elementor-element-40376ee elementor-section-full_width elementor-section-content-middle elementor-section-height-default elementor-section-height-default\" data-id=\"40376ee\" data-element_type=\"section\">\n\t\t\t\t\t\t<div class=\"elementor-container elementor-column-gap-custom\">\n\t\t\t\t\t<div class=\"elementor-column elementor-col-100 elementor-top-column elementor-element elementor-element-390cca2\" data-id=\"390cca2\" data-element_type=\"column\">\n\t\t\t<div class=\"elementor-widget-wrap elementor-element-populated\">\n\t\t\t\t\t\t<div class=\"elementor-element elementor-element-515fedb elementor-widget elementor-widget-image\" data-id=\"515fedb\" data-element_type=\"widget\" data-widget_type=\"image.default\">\n\t\t\t\t<div class=\"elementor-widget-container\">\n\t\t\t\t\t\t\t\t\t\t\t\t\t<img decoding=\"async\" width=\"2560\" height=\"1417\" src=\"https:\/\/staging.acnoum.com\/wp-content\/uploads\/2022\/07\/2-13-scaled.jpg\" class=\"attachment-full size-full wp-image-1005\" alt=\"\" srcset=\"https:\/\/staging.acnoum.com\/wp-content\/uploads\/2022\/07\/2-13-scaled.jpg 2560w, https:\/\/staging.acnoum.com\/wp-content\/uploads\/2022\/07\/2-13-300x166.jpg 300w, https:\/\/staging.acnoum.com\/wp-content\/uploads\/2022\/07\/2-13-1024x567.jpg 1024w, https:\/\/staging.acnoum.com\/wp-content\/uploads\/2022\/07\/2-13-768x425.jpg 768w, https:\/\/staging.acnoum.com\/wp-content\/uploads\/2022\/07\/2-13-1536x850.jpg 1536w, https:\/\/staging.acnoum.com\/wp-content\/uploads\/2022\/07\/2-13-2048x1134.jpg 2048w, https:\/\/staging.acnoum.com\/wp-content\/uploads\/2022\/07\/2-13-1200x664.jpg 1200w\" sizes=\"(max-width: 2560px) 100vw, 2560px\" \/>\t\t\t\t\t\t\t\t\t\t\t\t\t<\/div>\n\t\t\t\t<\/div>\n\t\t\t\t\t<\/div>\n\t\t<\/div>\n\t\t\t\t\t<\/div>\n\t\t<\/section>\n\t\t\t\t<section class=\"elementor-section elementor-top-section elementor-element elementor-element-ca7fe5c elementor-section-boxed elementor-section-height-default elementor-section-height-default\" data-id=\"ca7fe5c\" data-element_type=\"section\">\n\t\t\t\t\t\t<div class=\"elementor-container elementor-column-gap-no\">\n\t\t\t\t\t<div class=\"elementor-column elementor-col-100 elementor-top-column elementor-element elementor-element-2a3a31b\" data-id=\"2a3a31b\" data-element_type=\"column\">\n\t\t\t<div class=\"elementor-widget-wrap elementor-element-populated\">\n\t\t\t\t\t\t<div class=\"elementor-element elementor-element-7f9d673 elementor-widget elementor-widget-heading\" data-id=\"7f9d673\" data-element_type=\"widget\" data-widget_type=\"heading.default\">\n\t\t\t\t<div class=\"elementor-widget-container\">\n\t\t\t<h6 class=\"elementor-heading-title elementor-size-default\">La Gomera<\/h6>\t\t<\/div>\n\t\t\t\t<\/div>\n\t\t\t\t<div class=\"elementor-element elementor-element-ef76517 elementor-widget elementor-widget-text-editor\" data-id=\"ef76517\" data-element_type=\"widget\" data-widget_type=\"text-editor.default\">\n\t\t\t\t<div class=\"elementor-widget-container\">\n\t\t\t\t\t\t\t<p>Nale\u017c\u0105ca do Hiszpanii wyspa po\u0142o\u017cona na Oceanie Atlantyckim. To idealne miejsce dla mi\u0142o\u015bnik\u00f3w dzikiej natury i pieszych wycieczek. W stolicy wyspy San Sebastian s\u0142o\u0144ce \u015bwieci 340 dni w roku. <br>Tu czarny piasek kontrastuje z turkusem oceanu, tu r\u00f3\u017cnorodne krajobrazy oferuj\u0105 niespotykane prze\u017cycia.<\/p>\t\t\t\t\t\t<\/div>\n\t\t\t\t<\/div>\n\t\t\t\t\t<\/div>\n\t\t<\/div>\n\t\t\t\t\t<\/div>\n\t\t<\/section>\n\t\t\t\t<section class=\"elementor-section elementor-top-section elementor-element elementor-element-0cc838a elementor-section-content-middle elementor-section-boxed elementor-section-height-default elementor-section-height-default\" data-id=\"0cc838a\" data-element_type=\"section\">\n\t\t\t\t\t\t<div class=\"elementor-container elementor-column-gap-default\">\n\t\t\t\t\t<div class=\"elementor-column elementor-col-100 elementor-top-column elementor-element elementor-element-d39b5bb\" data-id=\"d39b5bb\" data-element_type=\"column\">\n\t\t\t<div class=\"elementor-widget-wrap elementor-element-populated\">\n\t\t\t\t\t\t<div class=\"elementor-element elementor-element-b38194c elementor-widget elementor-widget-image\" data-id=\"b38194c\" data-element_type=\"widget\" data-widget_type=\"image.default\">\n\t\t\t\t<div class=\"elementor-widget-container\">\n\t\t\t\t\t\t\t\t\t\t\t\t\t<img decoding=\"async\" width=\"954\" height=\"1090\" src=\"https:\/\/staging.acnoum.com\/wp-content\/uploads\/2022\/07\/3-13.jpg\" class=\"attachment-full size-full wp-image-1006\" alt=\"\" srcset=\"https:\/\/staging.acnoum.com\/wp-content\/uploads\/2022\/07\/3-13.jpg 954w, https:\/\/staging.acnoum.com\/wp-content\/uploads\/2022\/07\/3-13-263x300.jpg 263w, https:\/\/staging.acnoum.com\/wp-content\/uploads\/2022\/07\/3-13-896x1024.jpg 896w, https:\/\/staging.acnoum.com\/wp-content\/uploads\/2022\/07\/3-13-768x877.jpg 768w\" sizes=\"(max-width: 954px) 100vw, 954px\" \/>\t\t\t\t\t\t\t\t\t\t\t\t\t<\/div>\n\t\t\t\t<\/div>\n\t\t\t\t\t<\/div>\n\t\t<\/div>\n\t\t\t\t\t<\/div>\n\t\t<\/section>\n\t\t\t\t<section class=\"elementor-section elementor-top-section elementor-element elementor-element-145ec57 elementor-section-boxed elementor-section-height-default elementor-section-height-default\" data-id=\"145ec57\" data-element_type=\"section\">\n\t\t\t\t\t\t<div class=\"elementor-container elementor-column-gap-no\">\n\t\t\t\t\t<div class=\"elementor-column elementor-col-100 elementor-top-column elementor-element elementor-element-ab17ce9\" data-id=\"ab17ce9\" data-element_type=\"column\">\n\t\t\t<div class=\"elementor-widget-wrap elementor-element-populated\">\n\t\t\t\t\t\t<div class=\"elementor-element elementor-element-6a6cefa elementor-widget elementor-widget-heading\" data-id=\"6a6cefa\" data-element_type=\"widget\" data-widget_type=\"heading.default\">\n\t\t\t\t<div class=\"elementor-widget-container\">\n\t\t\t<h6 class=\"elementor-heading-title elementor-size-default\">Magia<\/h6>\t\t<\/div>\n\t\t\t\t<\/div>\n\t\t\t\t<div class=\"elementor-element elementor-element-add54ad elementor-widget elementor-widget-text-editor\" data-id=\"add54ad\" data-element_type=\"widget\" data-widget_type=\"text-editor.default\">\n\t\t\t\t<div class=\"elementor-widget-container\">\n\t\t\t\t\t\t\t<p>Dopiero co dotkn\u0105\u0142e\u015b j\u0105 stop\u0105, a ju\u017c si\u0119 czujesz jakby magia ci\u0119 otacza\u0142a. Zanurzysz\nsi\u0119 odrobin\u0119 g\u0142\u0119biej i zobaczysz, \u017ce ca\u0142a ta magia jest prawdziwa. Przeskakujesz z pejza\u017cu\nna pejza\u017c i dajesz si\u0119 zaskoczy\u0107 przepa\u015bciom rzucaj\u0105cym si\u0119 w morze, dolinom pokrytym\nzielonymi palmami, pla\u017com o czarnym piasku i kryszta\u0142owym wodom.<\/p>\t\t\t\t\t\t<\/div>\n\t\t\t\t<\/div>\n\t\t\t\t\t<\/div>\n\t\t<\/div>\n\t\t\t\t\t<\/div>\n\t\t<\/section>\n\t\t\t\t<section class=\"elementor-section elementor-top-section elementor-element elementor-element-dcc8051 elementor-section-full_width elementor-section-content-middle elementor-section-height-default elementor-section-height-default\" data-id=\"dcc8051\" data-element_type=\"section\">\n\t\t\t\t\t\t<div class=\"elementor-container elementor-column-gap-custom\">\n\t\t\t\t\t<div class=\"elementor-column elementor-col-50 elementor-top-column elementor-element elementor-element-f0c8950\" data-id=\"f0c8950\" data-element_type=\"column\">\n\t\t\t<div class=\"elementor-widget-wrap elementor-element-populated\">\n\t\t\t\t\t\t<div class=\"elementor-element elementor-element-53d1a6f elementor-widget elementor-widget-image\" data-id=\"53d1a6f\" data-element_type=\"widget\" data-widget_type=\"image.default\">\n\t\t\t\t<div class=\"elementor-widget-container\">\n\t\t\t\t\t\t\t\t\t\t\t\t\t<img loading=\"lazy\" decoding=\"async\" width=\"954\" height=\"1090\" src=\"https:\/\/staging.acnoum.com\/wp-content\/uploads\/2022\/07\/4-12.jpg\" class=\"attachment-full size-full wp-image-1007\" alt=\"\" srcset=\"https:\/\/staging.acnoum.com\/wp-content\/uploads\/2022\/07\/4-12.jpg 954w, https:\/\/staging.acnoum.com\/wp-content\/uploads\/2022\/07\/4-12-263x300.jpg 263w, https:\/\/staging.acnoum.com\/wp-content\/uploads\/2022\/07\/4-12-896x1024.jpg 896w, https:\/\/staging.acnoum.com\/wp-content\/uploads\/2022\/07\/4-12-768x877.jpg 768w\" sizes=\"(max-width: 954px) 100vw, 954px\" \/>\t\t\t\t\t\t\t\t\t\t\t\t\t<\/div>\n\t\t\t\t<\/div>\n\t\t\t\t\t<\/div>\n\t\t<\/div>\n\t\t\t\t<div class=\"elementor-column elementor-col-50 elementor-top-column elementor-element elementor-element-b3195c2\" data-id=\"b3195c2\" data-element_type=\"column\">\n\t\t\t<div class=\"elementor-widget-wrap elementor-element-populated\">\n\t\t\t\t\t\t<div class=\"elementor-element elementor-element-c0471a4 elementor-widget elementor-widget-image\" data-id=\"c0471a4\" data-element_type=\"widget\" data-widget_type=\"image.default\">\n\t\t\t\t<div class=\"elementor-widget-container\">\n\t\t\t\t\t\t\t\t\t\t\t\t\t<img loading=\"lazy\" decoding=\"async\" width=\"954\" height=\"1090\" src=\"https:\/\/staging.acnoum.com\/wp-content\/uploads\/2022\/07\/5-6.jpg\" class=\"attachment-full size-full wp-image-1008\" alt=\"\" srcset=\"https:\/\/staging.acnoum.com\/wp-content\/uploads\/2022\/07\/5-6.jpg 954w, https:\/\/staging.acnoum.com\/wp-content\/uploads\/2022\/07\/5-6-263x300.jpg 263w, https:\/\/staging.acnoum.com\/wp-content\/uploads\/2022\/07\/5-6-896x1024.jpg 896w, https:\/\/staging.acnoum.com\/wp-content\/uploads\/2022\/07\/5-6-768x877.jpg 768w\" sizes=\"(max-width: 954px) 100vw, 954px\" \/>\t\t\t\t\t\t\t\t\t\t\t\t\t<\/div>\n\t\t\t\t<\/div>\n\t\t\t\t\t<\/div>\n\t\t<\/div>\n\t\t\t\t\t<\/div>\n\t\t<\/section>\n\t\t\t\t<\/div>","protected":false},"excerpt":{"rendered":"<p>&#8216;La Gomera&#8217; In conversation with Nature FACEBOOKYOUTUBEINSTAGRAM &#8220;Fleeting, unreal world&#8221; You feel the wind, you breathe, you open your eyes. The days are longer, the temperature is high, and the sun covers our surroundings with its rays. The lightness of summer soothes thoughts and stimulates the senses. So tangible but unreal. Photos: Made It. Management [&hellip;]<\/p>","protected":false},"author":1,"featured_media":0,"parent":0,"menu_order":0,"comment_status":"closed","ping_status":"closed","template":"","meta":{"_mo_disable_npp":"","footnotes":""},"class_list":["post-1001","page","type-page","status-publish","hentry"],"_links":{"self":[{"href":"https:\/\/staging.acnoum.com\/pl\/wp-json\/wp\/v2\/pages\/1001","targetHints":{"allow":["GET"]}}],"collection":[{"href":"https:\/\/staging.acnoum.com\/pl\/wp-json\/wp\/v2\/pages"}],"about":[{"href":"https:\/\/staging.acnoum.com\/pl\/wp-json\/wp\/v2\/types\/page"}],"author":[{"embeddable":true,"href":"https:\/\/staging.acnoum.com\/pl\/wp-json\/wp\/v2\/users\/1"}],"replies":[{"embeddable":true,"href":"https:\/\/staging.acnoum.com\/pl\/wp-json\/wp\/v2\/comments?post=1001"}],"version-history":[{"count":37,"href":"https:\/\/staging.acnoum.com\/pl\/wp-json\/wp\/v2\/pages\/1001\/revisions"}],"predecessor-version":[{"id":1888,"href":"https:\/\/staging.acnoum.com\/pl\/wp-json\/wp\/v2\/pages\/1001\/revisions\/1888"}],"wp:attachment":[{"href":"https:\/\/staging.acnoum.com\/pl\/wp-json\/wp\/v2\/media?parent=1001"}],"curies":[{"name":"wp","href":"https:\/\/api.w.org\/{rel}","templated":true}]}}