{"id":1078,"date":"2022-07-27T07:47:14","date_gmt":"2022-07-27T07:47:14","guid":{"rendered":"https:\/\/acnoum.tk\/?page_id=1078"},"modified":"2023-06-28T13:32:04","modified_gmt":"2023-06-28T13:32:04","slug":"product-care","status":"publish","type":"page","link":"https:\/\/staging.acnoum.com\/pl\/product-care\/","title":{"rendered":"Piel\u0119gnacja produktu"},"content":{"rendered":"<div data-elementor-type=\"wp-page\" data-elementor-id=\"1078\" class=\"elementor elementor-1078\" data-elementor-post-type=\"page\">\n\t\t\t\t\t\t<section class=\"elementor-section elementor-top-section elementor-element elementor-element-3e6fb0f8 elementor-section-boxed elementor-section-height-default elementor-section-height-default\" data-id=\"3e6fb0f8\" data-element_type=\"section\">\n\t\t\t\t\t\t<div class=\"elementor-container elementor-column-gap-no\">\n\t\t\t\t\t<div class=\"elementor-column elementor-col-100 elementor-top-column elementor-element elementor-element-4a914b08\" data-id=\"4a914b08\" data-element_type=\"column\">\n\t\t\t<div class=\"elementor-widget-wrap elementor-element-populated\">\n\t\t\t\t\t\t<div class=\"elementor-element elementor-element-3c035fd9 elementor-widget elementor-widget-text-editor\" data-id=\"3c035fd9\" data-element_type=\"widget\" data-widget_type=\"text-editor.default\">\n\t\t\t\t<div class=\"elementor-widget-container\">\n\t\t\t<style>\/*! elementor - v3.20.0 - 13-03-2024 *\/\n.elementor-widget-text-editor.elementor-drop-cap-view-stacked .elementor-drop-cap{background-color:#69727d;color:#fff}.elementor-widget-text-editor.elementor-drop-cap-view-framed .elementor-drop-cap{color:#69727d;border:3px solid;background-color:transparent}.elementor-widget-text-editor:not(.elementor-drop-cap-view-default) .elementor-drop-cap{margin-top:8px}.elementor-widget-text-editor:not(.elementor-drop-cap-view-default) .elementor-drop-cap-letter{width:1em;height:1em}.elementor-widget-text-editor .elementor-drop-cap{float:left;text-align:center;line-height:1;font-size:50px}.elementor-widget-text-editor .elementor-drop-cap-letter{display:inline-block}<\/style>\t\t\t\t<p>Piel\u0119gnacja produktu<\/p>\t\t\t\t\t\t<\/div>\n\t\t\t\t<\/div>\n\t\t\t\t<div class=\"elementor-element elementor-element-12da77f3 elementor-widget-divider--view-line elementor-widget elementor-widget-divider\" data-id=\"12da77f3\" data-element_type=\"widget\" data-widget_type=\"divider.default\">\n\t\t\t\t<div class=\"elementor-widget-container\">\n\t\t\t<style>\/*! elementor - v3.20.0 - 13-03-2024 *\/\n.elementor-widget-divider{--divider-border-style:none;--divider-border-width:1px;--divider-color:#0c0d0e;--divider-icon-size:20px;--divider-element-spacing:10px;--divider-pattern-height:24px;--divider-pattern-size:20px;--divider-pattern-url:none;--divider-pattern-repeat:repeat-x}.elementor-widget-divider .elementor-divider{display:flex}.elementor-widget-divider .elementor-divider__text{font-size:15px;line-height:1;max-width:95%}.elementor-widget-divider .elementor-divider__element{margin:0 var(--divider-element-spacing);flex-shrink:0}.elementor-widget-divider .elementor-icon{font-size:var(--divider-icon-size)}.elementor-widget-divider .elementor-divider-separator{display:flex;margin:0;direction:ltr}.elementor-widget-divider--view-line_icon .elementor-divider-separator,.elementor-widget-divider--view-line_text .elementor-divider-separator{align-items:center}.elementor-widget-divider--view-line_icon .elementor-divider-separator:after,.elementor-widget-divider--view-line_icon .elementor-divider-separator:before,.elementor-widget-divider--view-line_text .elementor-divider-separator:after,.elementor-widget-divider--view-line_text .elementor-divider-separator:before{display:block;content:\"\";border-block-end:0;flex-grow:1;border-block-start:var(--divider-border-width) var(--divider-border-style) var(--divider-color)}.elementor-widget-divider--element-align-left .elementor-divider .elementor-divider-separator>.elementor-divider__svg:first-of-type{flex-grow:0;flex-shrink:100}.elementor-widget-divider--element-align-left .elementor-divider-separator:before{content:none}.elementor-widget-divider--element-align-left .elementor-divider__element{margin-left:0}.elementor-widget-divider--element-align-right .elementor-divider .elementor-divider-separator>.elementor-divider__svg:last-of-type{flex-grow:0;flex-shrink:100}.elementor-widget-divider--element-align-right .elementor-divider-separator:after{content:none}.elementor-widget-divider--element-align-right .elementor-divider__element{margin-right:0}.elementor-widget-divider--element-align-start .elementor-divider .elementor-divider-separator>.elementor-divider__svg:first-of-type{flex-grow:0;flex-shrink:100}.elementor-widget-divider--element-align-start .elementor-divider-separator:before{content:none}.elementor-widget-divider--element-align-start .elementor-divider__element{margin-inline-start:0}.elementor-widget-divider--element-align-end .elementor-divider .elementor-divider-separator>.elementor-divider__svg:last-of-type{flex-grow:0;flex-shrink:100}.elementor-widget-divider--element-align-end .elementor-divider-separator:after{content:none}.elementor-widget-divider--element-align-end .elementor-divider__element{margin-inline-end:0}.elementor-widget-divider:not(.elementor-widget-divider--view-line_text):not(.elementor-widget-divider--view-line_icon) .elementor-divider-separator{border-block-start:var(--divider-border-width) var(--divider-border-style) var(--divider-color)}.elementor-widget-divider--separator-type-pattern{--divider-border-style:none}.elementor-widget-divider--separator-type-pattern.elementor-widget-divider--view-line .elementor-divider-separator,.elementor-widget-divider--separator-type-pattern:not(.elementor-widget-divider--view-line) .elementor-divider-separator:after,.elementor-widget-divider--separator-type-pattern:not(.elementor-widget-divider--view-line) .elementor-divider-separator:before,.elementor-widget-divider--separator-type-pattern:not([class*=elementor-widget-divider--view]) .elementor-divider-separator{width:100%;min-height:var(--divider-pattern-height);-webkit-mask-size:var(--divider-pattern-size) 100%;mask-size:var(--divider-pattern-size) 100%;-webkit-mask-repeat:var(--divider-pattern-repeat);mask-repeat:var(--divider-pattern-repeat);background-color:var(--divider-color);-webkit-mask-image:var(--divider-pattern-url);mask-image:var(--divider-pattern-url)}.elementor-widget-divider--no-spacing{--divider-pattern-size:auto}.elementor-widget-divider--bg-round{--divider-pattern-repeat:round}.rtl .elementor-widget-divider .elementor-divider__text{direction:rtl}.e-con-inner>.elementor-widget-divider,.e-con>.elementor-widget-divider{width:var(--container-widget-width,100%);--flex-grow:var(--container-widget-flex-grow)}<\/style>\t\t<div class=\"elementor-divider\">\n\t\t\t<span class=\"elementor-divider-separator\">\n\t\t\t\t\t\t<\/span>\n\t\t<\/div>\n\t\t\t\t<\/div>\n\t\t\t\t<\/div>\n\t\t\t\t<div class=\"elementor-element elementor-element-ccbd766 elementor-widget elementor-widget-text-editor\" data-id=\"ccbd766\" data-element_type=\"widget\" data-widget_type=\"text-editor.default\">\n\t\t\t\t<div class=\"elementor-widget-container\">\n\t\t\t\t\t\t\t<p>Torebki<\/p>\t\t\t\t\t\t<\/div>\n\t\t\t\t<\/div>\n\t\t\t\t<div class=\"elementor-element elementor-element-4935d848 elementor-widget-divider--view-line elementor-widget elementor-widget-divider\" data-id=\"4935d848\" data-element_type=\"widget\" data-widget_type=\"divider.default\">\n\t\t\t\t<div class=\"elementor-widget-container\">\n\t\t\t\t\t<div class=\"elementor-divider\">\n\t\t\t<span class=\"elementor-divider-separator\">\n\t\t\t\t\t\t<\/span>\n\t\t<\/div>\n\t\t\t\t<\/div>\n\t\t\t\t<\/div>\n\t\t\t\t<div class=\"elementor-element elementor-element-29040606 elementor-widget elementor-widget-text-editor\" data-id=\"29040606\" data-element_type=\"widget\" data-widget_type=\"text-editor.default\">\n\t\t\t\t<div class=\"elementor-widget-container\">\n\t\t\t\t\t\t\t<p class=\" translation-block\">Produkty Acnoum wykonane s\u0105 z naturalnej sk\u00f3ry licowej i nie wymagaj\u0105 dodatkowej impregnacji chemicznej. U\u017cytkownik powinien dba\u0107 o produkt i odpowiednio go przechowywa\u0107, aby z biegiem czasu nie uleg\u0142 deformacji.  Zaznaczamy jednak, \u017ce ze wzgl\u0119du na naturalny charakter surowca, z kt\u00f3rego wykonane s\u0105 nasze torebki,  w wyniku u\u017cytkowania produkt mo\u017ce nie zachowa\u0107 identycznego koloru na ca\u0142ej powierzchni, a tak\u017ce mog\u0105 pojawi\u0107 si\u0119 zagniecenia lub drobne zarysowania. Metalowe elementy po pewnym czasie mo\u017ce pokry\u0107 patyna i mog\u0105 pojawi\u0107 si\u0119 zarysowania, co jest efektem u\u017cytkowania. \n<br>Spos\u00f3b konserwacji:\n<br>- zabrudzenia usuwa\u0107 wilgotn\u0105, bawe\u0142nian\u0105 tkanin\u0105 lub g\u0105bk\u0105;\n<br>- usun\u0105\u0107 nadmiar wody za pomoc\u0105 bawe\u0142nianej tkaniny i pozostawi\u0107 do wyschni\u0119cia w temperaturze pokojowej;\n<br>Spos\u00f3b konserwacji w przypadku u\u017cycia kremu lub pasty do sk\u00f3ry naturalnej:\n<br>- zabrudzenia usuwa\u0107 wilgotn\u0105, bawe\u0142nian\u0105 tkanin\u0105 lub g\u0105bk\u0105;\n<br>- usun\u0105\u0107 nadmiar wody za pomoc\u0105 bawe\u0142nianej tkaniny i pozostawi\u0107 do wyschni\u0119cia w temperaturze pokojowej;\n<br>- na oczyszczon\u0105 powierzchni\u0119 nanie\u015b\u0107 niewielk\u0105 ilo\u015b\u0107 bezbarwnego kremu lub bezbarwnej pasty do konserwacji sk\u00f3ry naturalnej;\n<br>- delikatnie wypolerowa\u0107 powierzchni\u0119 torebki za pomoc\u0105 suchej, bawe\u0142nianej tkaniny; \nRekomendujemy, aby przed zastosowaniem \u015brodk\u00f3w na ca\u0142ej powierzchni torebki, wykona\u0107 pr\u00f3b\u0119 w ma\u0142o widocznym miejscu. Acnoum nie ponosi odpowiedzialno\u015bci za reakcj\u0119 u\u017cytych \u015brodk\u00f3w do konserwacji ze sk\u00f3r\u0105, z kt\u00f3rej wykonane s\u0105 nasze produkty. \n<br>Czego unika\u0107:\n<br>- przenoszenia ci\u0119\u017ckich przedmiot\u00f3w, kt\u00f3re mog\u0105 spowodowa\u0107 nieodwracaln\u0105 deformacj\u0119;\n<br>- nadmiernego zamoczenia, kt\u00f3re mo\u017ce spowodowa\u0107 nieodwracalne zmiany na naturalnej sk\u00f3rze, a w przypadku kontaktu produktu z wod\u0105 osuszy\u0107 go jak najszybciej w temperaturze pokojowej;\n<br>- p\u0142yn\u00f3w do dezynfekcji r\u0105k i powierzchni, kt\u00f3re powoduj\u0105 nieodwracalne zmiany w postaci plam;\n<br>- innych \u015brodk\u00f3w chemicznych; \n<br>Zalecamy przechowywanie produktu w do\u0142\u0105czonym woreczku, aby uchroni\u0107 go od niekorzystnych  czynnik\u00f3w zewn\u0119trznych, a tak\u017ce do wype\u0142nienia wn\u0119trza torebki, np. za pomoc\u0105 papieru lub specjalnego worka, aby nie uleg\u0142 on odkszta\u0142ceniu.<\/p>\t\t\t\t\t\t<\/div>\n\t\t\t\t<\/div>\n\t\t\t\t<div class=\"elementor-element elementor-element-5b944260 elementor-widget elementor-widget-text-editor\" data-id=\"5b944260\" data-element_type=\"widget\" data-widget_type=\"text-editor.default\">\n\t\t\t\t<div class=\"elementor-widget-container\">\n\t\t\t\t\t\t\t<p>Apaszki<\/p>\t\t\t\t\t\t<\/div>\n\t\t\t\t<\/div>\n\t\t\t\t<div class=\"elementor-element elementor-element-f90676c elementor-widget-divider--view-line elementor-widget elementor-widget-divider\" data-id=\"f90676c\" data-element_type=\"widget\" data-widget_type=\"divider.default\">\n\t\t\t\t<div class=\"elementor-widget-container\">\n\t\t\t\t\t<div class=\"elementor-divider\">\n\t\t\t<span class=\"elementor-divider-separator\">\n\t\t\t\t\t\t<\/span>\n\t\t<\/div>\n\t\t\t\t<\/div>\n\t\t\t\t<\/div>\n\t\t\t\t<div class=\"elementor-element elementor-element-6355712d elementor-widget elementor-widget-text-editor\" data-id=\"6355712d\" data-element_type=\"widget\" data-widget_type=\"text-editor.default\">\n\t\t\t\t<div class=\"elementor-widget-container\">\n\t\t\t\t\t\t\t<p class=\" translation-block\">Apaszki i szale Acnoum wykonane s\u0105 ze 100% jedwabiu. U\u017cytkownik powinien dba\u0107 o produkt i odpowiednio go przechowywa\u0107 \u2013 z\u0142o\u017conego w suchym miejscu. \n<br>Spos\u00f3b konserwacji:\n<br>- profesjonalne pranie chemiczne;\n<br>- prasowanie par\u0105 lub \u017celazkiem z u\u017cyciem bardzo niskiej temperatury;\n<br>Czego unika\u0107:\n<br>- kontaktu z wod\u0105 i z innymi \u015brodkami chemicznymi;\n<br>- kontaktu z wysok\u0105 temperatur\u0105;<\/p>\t\t\t\t\t\t<\/div>\n\t\t\t\t<\/div>\n\t\t\t\t<div class=\"elementor-element elementor-element-e73880f elementor-widget elementor-widget-text-editor\" data-id=\"e73880f\" data-element_type=\"widget\" data-widget_type=\"text-editor.default\">\n\t\t\t\t<div class=\"elementor-widget-container\">\n\t\t\t\t\t\t\t<p>BUTY<\/p>\t\t\t\t\t\t<\/div>\n\t\t\t\t<\/div>\n\t\t\t\t<div class=\"elementor-element elementor-element-7adf198c elementor-widget-divider--view-line elementor-widget elementor-widget-divider\" data-id=\"7adf198c\" data-element_type=\"widget\" data-widget_type=\"divider.default\">\n\t\t\t\t<div class=\"elementor-widget-container\">\n\t\t\t\t\t<div class=\"elementor-divider\">\n\t\t\t<span class=\"elementor-divider-separator\">\n\t\t\t\t\t\t<\/span>\n\t\t<\/div>\n\t\t\t\t<\/div>\n\t\t\t\t<\/div>\n\t\t\t\t<div class=\"elementor-element elementor-element-31582d1 elementor-widget elementor-widget-text-editor\" data-id=\"31582d1\" data-element_type=\"widget\" data-widget_type=\"text-editor.default\">\n\t\t\t\t<div class=\"elementor-widget-container\">\n\t\t\t\t\t\t\t<p>Wszystkie buty Acnoum wykonane s\u0105 z naturalnej sk\u00f3ry U\u017cytkownik powinien dba\u0107 o produkt i odpowiednio go przechowywa\u0107. Zaznaczamy jednak, \u017ce ze wzgl\u0119du na naturalny charakter surowca, z kt\u00f3rego wykonane s\u0105 nasze buty, w wyniku u\u017cytkowania produkt mo\u017ce nie zachowa\u0107 identycznego koloru na ca\u0142ej powierzchni, a tak\u017ce mog\u0105 pojawi\u0107 si\u0119 zagniecenia lub drobne zarysowania.<\/p><p class=\" translation-block\">Spos\u00f3b konserwacji:\n<br>- zabrudzenia usuwa\u0107 wilgotn\u0105, bawe\u0142nian\u0105 tkanin\u0105 lub g\u0105bk\u0105;\n<br>- usun\u0105\u0107 nadmiar wody za pomoc\u0105 bawe\u0142nianej tkaniny i pozostawi\u0107 do wyschni\u0119cia w temperaturze pokojowej;\n<br>Spos\u00f3b konserwacji w przypadku u\u017cycia kremu lub pasty do sk\u00f3ry naturalnej:\n<br>- zabrudzenia usuwa\u0107 wilgotn\u0105, bawe\u0142nian\u0105 tkanin\u0105 lub g\u0105bk\u0105;\n<br>- usun\u0105\u0107 nadmiar wody za pomoc\u0105 bawe\u0142nianej tkaniny i pozostawi\u0107 do wyschni\u0119cia w temperaturze pokojowej;\n<br>- na oczyszczon\u0105 powierzchni\u0119 nanie\u015b\u0107 niewielk\u0105 ilo\u015b\u0107 kremu, pasty lub impregnatu w sprayu do sk\u00f3ry naturalnej;\n<br>- delikatnie wypolerowa\u0107 powierzchni\u0119 buta za pomoc\u0105 suchej, bawe\u0142nianej tkaniny; Rekomendujemy, aby przed zastosowaniem \u015brodk\u00f3w na ca\u0142ej powierzchni buta, wykona\u0107 pr\u00f3b\u0119 w ma\u0142o widocznym miejscu. Acnoum nie ponosi odpowiedzialno\u015bci za reakcj\u0119 u\u017cytych \u015brodk\u00f3w do konserwacji ze sk\u00f3r\u0105, z kt\u00f3rej wykonane s\u0105 nasze produkty.\n<br>Czego unika\u0107:\n<br>- nadmiernego zamoczenia, kt\u00f3re mo\u017ce spowodowa\u0107 nieodwracalne zmiany na naturalnej sk\u00f3rze, a w przypadku kontaktu produktu z wod\u0105 osuszy\u0107 go jak najszybciej w temperaturze pokojowej;<\/p><p class=\" translation-block\">Zabronione jest:\n<br>- zanurzanie w wodzie;\n<br>- pranie w pralce, czyszczenie chemiczne i suszenie w suszarce;\n<br>- u\u017cywanie twardych szczotek lub g\u0105bek (te przeznaczone s\u0105 tylko do sk\u00f3r typu zamsz lub dwoina);\n<br>- stosowanie innych \u015brodk\u00f3w chemicznych;\n<br><br>Zalecamy przechowywanie produktu w do\u0142\u0105czonym woreczku, aby uchroni\u0107 go od niekorzystnych czynnik\u00f3w zewn\u0119trznych, a tak\u017ce do wype\u0142nienia wn\u0119trza buta, np. za pomoc\u0105 papieru, aby nie uleg\u0142 on odkszta\u0142ceniu.<\/p>\t\t\t\t\t\t<\/div>\n\t\t\t\t<\/div>\n\t\t\t\t\t<\/div>\n\t\t<\/div>\n\t\t\t\t\t<\/div>\n\t\t<\/section>\n\t\t\t\t<\/div>","protected":false},"excerpt":{"rendered":"<p>Product Care Leather Bags Acnoum products are made of natural grain leather and do not require additional chemical impregnation. The user should take care of the product and store it properly so that it does not deform over time. However, we would like to point out that due to the natural nature of the raw [&hellip;]<\/p>","protected":false},"author":1,"featured_media":0,"parent":0,"menu_order":0,"comment_status":"closed","ping_status":"closed","template":"","meta":{"_mo_disable_npp":"","footnotes":""},"class_list":["post-1078","page","type-page","status-publish","hentry"],"_links":{"self":[{"href":"https:\/\/staging.acnoum.com\/pl\/wp-json\/wp\/v2\/pages\/1078","targetHints":{"allow":["GET"]}}],"collection":[{"href":"https:\/\/staging.acnoum.com\/pl\/wp-json\/wp\/v2\/pages"}],"about":[{"href":"https:\/\/staging.acnoum.com\/pl\/wp-json\/wp\/v2\/types\/page"}],"author":[{"embeddable":true,"href":"https:\/\/staging.acnoum.com\/pl\/wp-json\/wp\/v2\/users\/1"}],"replies":[{"embeddable":true,"href":"https:\/\/staging.acnoum.com\/pl\/wp-json\/wp\/v2\/comments?post=1078"}],"version-history":[{"count":63,"href":"https:\/\/staging.acnoum.com\/pl\/wp-json\/wp\/v2\/pages\/1078\/revisions"}],"predecessor-version":[{"id":2586,"href":"https:\/\/staging.acnoum.com\/pl\/wp-json\/wp\/v2\/pages\/1078\/revisions\/2586"}],"wp:attachment":[{"href":"https:\/\/staging.acnoum.com\/pl\/wp-json\/wp\/v2\/media?parent=1078"}],"curies":[{"name":"wp","href":"https:\/\/api.w.org\/{rel}","templated":true}]}}