{"id":1208,"date":"2022-07-30T12:44:00","date_gmt":"2022-07-30T12:44:00","guid":{"rendered":"https:\/\/acnoum.tk\/?page_id=1208"},"modified":"2022-08-17T13:24:33","modified_gmt":"2022-08-17T13:24:33","slug":"acnoum","status":"publish","type":"page","link":"https:\/\/staging.acnoum.com\/pl\/acnoum\/","title":{"rendered":"Acnoum"},"content":{"rendered":"<div data-elementor-type=\"wp-page\" data-elementor-id=\"1208\" class=\"elementor elementor-1208\" data-elementor-post-type=\"page\">\n\t\t\t\t\t\t<section class=\"elementor-section elementor-top-section elementor-element elementor-element-2f110475 elementor-section-full_width elementor-section-height-default elementor-section-height-default\" data-id=\"2f110475\" data-element_type=\"section\">\n\t\t\t\t\t\t<div class=\"elementor-container elementor-column-gap-default\">\n\t\t\t\t\t<div class=\"elementor-column elementor-col-100 elementor-top-column elementor-element elementor-element-39948257\" data-id=\"39948257\" data-element_type=\"column\">\n\t\t\t<div class=\"elementor-widget-wrap elementor-element-populated\">\n\t\t\t\t\t\t<div class=\"elementor-element elementor-element-5c60d051 elementor-cta--skin-cover elementor-cta--valign-middle elementor-widget elementor-widget-call-to-action\" data-id=\"5c60d051\" data-element_type=\"widget\" data-widget_type=\"call-to-action.default\">\n\t\t\t\t<div class=\"elementor-widget-container\">\n\t\t\t<link rel=\"stylesheet\" href=\"https:\/\/staging.acnoum.com\/wp-content\/plugins\/elementor-pro\/assets\/css\/widget-call-to-action.min.css\">\t\t<div class=\"elementor-cta\">\n\t\t\t\t\t<div class=\"elementor-cta__bg-wrapper\">\n\t\t\t\t<div class=\"elementor-cta__bg elementor-bg\" style=\"background-image: url(https:\/\/staging.acnoum.com\/wp-content\/uploads\/2022\/07\/a.jpg);\" role=\"img\" aria-label=\"a\"><\/div>\n\t\t\t\t<div class=\"elementor-cta__bg-overlay\"><\/div>\n\t\t\t<\/div>\n\t\t\t\t\t\t\t<div class=\"elementor-cta__content\">\n\t\t\t\t\n\t\t\t\t\t\t\t\t\t<div class=\"elementor-cta__title elementor-cta__content-item elementor-content-item\">\n\t\t\t\t\t\t \t\t\t\t\t<\/div>\n\t\t\t\t\n\t\t\t\t\n\t\t\t\t\t\t\t<\/div>\n\t\t\t\t\t\t<\/div>\n\t\t\t\t<\/div>\n\t\t\t\t<\/div>\n\t\t\t\t\t<\/div>\n\t\t<\/div>\n\t\t\t\t\t<\/div>\n\t\t<\/section>\n\t\t\t\t<section class=\"elementor-section elementor-top-section elementor-element elementor-element-65668597 elementor-section-boxed elementor-section-height-default elementor-section-height-default\" data-id=\"65668597\" data-element_type=\"section\">\n\t\t\t\t\t\t<div class=\"elementor-container elementor-column-gap-default\">\n\t\t\t\t\t<div class=\"elementor-column elementor-col-100 elementor-top-column elementor-element elementor-element-388071ac\" data-id=\"388071ac\" data-element_type=\"column\">\n\t\t\t<div class=\"elementor-widget-wrap elementor-element-populated\">\n\t\t\t\t\t\t<div class=\"elementor-element elementor-element-15e748a3 elementor-widget__width-initial elementor-absolute animated-slow e-transform elementor-invisible elementor-widget elementor-widget-text-editor\" data-id=\"15e748a3\" data-element_type=\"widget\" data-settings=\"{&quot;_position&quot;:&quot;absolute&quot;,&quot;_animation&quot;:&quot;fadeIn&quot;,&quot;_transform_rotateZ_effect&quot;:{&quot;unit&quot;:&quot;px&quot;,&quot;size&quot;:-90,&quot;sizes&quot;:[]},&quot;_transform_rotateZ_effect_tablet&quot;:{&quot;unit&quot;:&quot;deg&quot;,&quot;size&quot;:&quot;&quot;,&quot;sizes&quot;:[]},&quot;_transform_rotateZ_effect_mobile&quot;:{&quot;unit&quot;:&quot;deg&quot;,&quot;size&quot;:&quot;&quot;,&quot;sizes&quot;:[]}}\" data-widget_type=\"text-editor.default\">\n\t\t\t\t<div class=\"elementor-widget-container\">\n\t\t\t<style>\/*! elementor - v3.20.0 - 13-03-2024 *\/\n.elementor-widget-text-editor.elementor-drop-cap-view-stacked .elementor-drop-cap{background-color:#69727d;color:#fff}.elementor-widget-text-editor.elementor-drop-cap-view-framed .elementor-drop-cap{color:#69727d;border:3px solid;background-color:transparent}.elementor-widget-text-editor:not(.elementor-drop-cap-view-default) .elementor-drop-cap{margin-top:8px}.elementor-widget-text-editor:not(.elementor-drop-cap-view-default) .elementor-drop-cap-letter{width:1em;height:1em}.elementor-widget-text-editor .elementor-drop-cap{float:left;text-align:center;line-height:1;font-size:50px}.elementor-widget-text-editor .elementor-drop-cap-letter{display:inline-block}<\/style>\t\t\t\t<a style=\"color: white;\" href=\"https:\/\/www.facebook.com\/Acnoum-101098712357080\" target=\"_blank\" rel=\"noopener\">FACEBOOK<\/a>\t\t\t\t\t\t<\/div>\n\t\t\t\t<\/div>\n\t\t\t\t<div class=\"elementor-element elementor-element-14a48c12 elementor-widget__width-initial elementor-absolute animated-slow e-transform elementor-invisible elementor-widget elementor-widget-text-editor\" data-id=\"14a48c12\" data-element_type=\"widget\" data-settings=\"{&quot;_position&quot;:&quot;absolute&quot;,&quot;_animation&quot;:&quot;fadeIn&quot;,&quot;_animation_delay&quot;:500,&quot;_transform_rotateZ_effect&quot;:{&quot;unit&quot;:&quot;px&quot;,&quot;size&quot;:-90,&quot;sizes&quot;:[]},&quot;_transform_rotateZ_effect_tablet&quot;:{&quot;unit&quot;:&quot;deg&quot;,&quot;size&quot;:&quot;&quot;,&quot;sizes&quot;:[]},&quot;_transform_rotateZ_effect_mobile&quot;:{&quot;unit&quot;:&quot;deg&quot;,&quot;size&quot;:&quot;&quot;,&quot;sizes&quot;:[]}}\" data-widget_type=\"text-editor.default\">\n\t\t\t\t<div class=\"elementor-widget-container\">\n\t\t\t\t\t\t\t<a style=\"color: white;\" href=\"https:\/\/www.youtube.com\/channel\/UCtsceComF84A2olMK6ApOAw\/videos\" target=\"_blank\" rel=\"noopener\">YOUTUBE<\/a>\t\t\t\t\t\t<\/div>\n\t\t\t\t<\/div>\n\t\t\t\t<div class=\"elementor-element elementor-element-35c816f0 elementor-widget__width-initial elementor-absolute animated-slow e-transform elementor-invisible elementor-widget elementor-widget-text-editor\" data-id=\"35c816f0\" data-element_type=\"widget\" data-settings=\"{&quot;_position&quot;:&quot;absolute&quot;,&quot;_animation&quot;:&quot;fadeIn&quot;,&quot;_animation_delay&quot;:1000,&quot;_transform_rotateZ_effect&quot;:{&quot;unit&quot;:&quot;px&quot;,&quot;size&quot;:-90,&quot;sizes&quot;:[]},&quot;_transform_rotateZ_effect_tablet&quot;:{&quot;unit&quot;:&quot;deg&quot;,&quot;size&quot;:&quot;&quot;,&quot;sizes&quot;:[]},&quot;_transform_rotateZ_effect_mobile&quot;:{&quot;unit&quot;:&quot;deg&quot;,&quot;size&quot;:&quot;&quot;,&quot;sizes&quot;:[]}}\" data-widget_type=\"text-editor.default\">\n\t\t\t\t<div class=\"elementor-widget-container\">\n\t\t\t\t\t\t\t<a style=\"color: white;\" href=\"https:\/\/www.instagram.com\/acnoum\/\" target=\"_blank\" rel=\"noopener\">INSTAGRAM <\/a>\t\t\t\t\t\t<\/div>\n\t\t\t\t<\/div>\n\t\t\t\t\t<\/div>\n\t\t<\/div>\n\t\t\t\t\t<\/div>\n\t\t<\/section>\n\t\t\t\t<section class=\"elementor-section elementor-top-section elementor-element elementor-element-b07b9ff elementor-section-boxed elementor-section-height-default elementor-section-height-default\" data-id=\"b07b9ff\" data-element_type=\"section\">\n\t\t\t\t\t\t<div class=\"elementor-container elementor-column-gap-no\">\n\t\t\t\t\t<div class=\"elementor-column elementor-col-100 elementor-top-column elementor-element elementor-element-2d27b87\" data-id=\"2d27b87\" data-element_type=\"column\">\n\t\t\t<div class=\"elementor-widget-wrap elementor-element-populated\">\n\t\t\t\t\t\t<div class=\"elementor-element elementor-element-a65c198 elementor-widget elementor-widget-text-editor\" data-id=\"a65c198\" data-element_type=\"widget\" data-widget_type=\"text-editor.default\">\n\t\t\t\t<div class=\"elementor-widget-container\">\n\t\t\t\t\t\t\t<p>Punktem wyj\u015bcia do powstania marki by\u0142a idea przedmiotu, kt\u00f3ry nie tylko ma cieszy\u0107 oko modn\u0105 i ponadczasow\u0105 lini\u0105, ale r\u00f3wnie\u017c by\u0107 praktycznym. Nasza marka powsta\u0142a w Krakowie, a wszystkie torebki szyte s\u0105 w Polsce, z najwi\u0119ksz\u0105 dba\u0142o\u015bci\u0105 o jako\u015b\u0107 wykonania i detale.<\/p>\t\t\t\t\t\t<\/div>\n\t\t\t\t<\/div>\n\t\t\t\t<div class=\"elementor-element elementor-element-d42d41b elementor-widget elementor-widget-text-editor\" data-id=\"d42d41b\" data-element_type=\"widget\" data-widget_type=\"text-editor.default\">\n\t\t\t\t<div class=\"elementor-widget-container\">\n\t\t\t\t\t\t\t<p>Acnoum to ponadczasowy minimalizm oraz wysmakowane wzornictwo zamkni\u0119te w wyj\u0105tkowej formie.<\/p>\t\t\t\t\t\t<\/div>\n\t\t\t\t<\/div>\n\t\t\t\t\t<\/div>\n\t\t<\/div>\n\t\t\t\t\t<\/div>\n\t\t<\/section>\n\t\t\t\t<section class=\"elementor-section elementor-top-section elementor-element elementor-element-40376ee elementor-section-full_width elementor-section-content-middle elementor-section-height-default elementor-section-height-default\" data-id=\"40376ee\" data-element_type=\"section\">\n\t\t\t\t\t\t<div class=\"elementor-container elementor-column-gap-no\">\n\t\t\t\t\t<div class=\"elementor-column elementor-col-50 elementor-top-column elementor-element elementor-element-390cca2\" data-id=\"390cca2\" data-element_type=\"column\">\n\t\t\t<div class=\"elementor-widget-wrap elementor-element-populated\">\n\t\t\t\t\t\t<div class=\"elementor-element elementor-element-515fedb elementor-widget elementor-widget-image\" data-id=\"515fedb\" data-element_type=\"widget\" data-widget_type=\"image.default\">\n\t\t\t\t<div class=\"elementor-widget-container\">\n\t\t\t<style>\/*! elementor - v3.20.0 - 13-03-2024 *\/\n.elementor-widget-image{text-align:center}.elementor-widget-image a{display:inline-block}.elementor-widget-image a img[src$=\".svg\"]{width:48px}.elementor-widget-image img{vertical-align:middle;display:inline-block}<\/style>\t\t\t\t\t\t\t\t\t\t<img fetchpriority=\"high\" decoding=\"async\" width=\"960\" height=\"1096\" src=\"https:\/\/staging.acnoum.com\/wp-content\/uploads\/2022\/07\/0.jpg\" class=\"attachment-full size-full wp-image-1218\" alt=\"\" srcset=\"https:\/\/staging.acnoum.com\/wp-content\/uploads\/2022\/07\/0.jpg 960w, https:\/\/staging.acnoum.com\/wp-content\/uploads\/2022\/07\/0-263x300.jpg 263w, https:\/\/staging.acnoum.com\/wp-content\/uploads\/2022\/07\/0-897x1024.jpg 897w, https:\/\/staging.acnoum.com\/wp-content\/uploads\/2022\/07\/0-768x877.jpg 768w\" sizes=\"(max-width: 960px) 100vw, 960px\" \/>\t\t\t\t\t\t\t\t\t\t\t\t\t<\/div>\n\t\t\t\t<\/div>\n\t\t\t\t\t<\/div>\n\t\t<\/div>\n\t\t\t\t<div class=\"elementor-column elementor-col-50 elementor-top-column elementor-element elementor-element-6181428\" data-id=\"6181428\" data-element_type=\"column\">\n\t\t\t<div class=\"elementor-widget-wrap elementor-element-populated\">\n\t\t\t\t\t\t<div class=\"elementor-element elementor-element-8363abb elementor-widget elementor-widget-image\" data-id=\"8363abb\" data-element_type=\"widget\" data-widget_type=\"image.default\">\n\t\t\t\t<div class=\"elementor-widget-container\">\n\t\t\t\t\t\t\t\t\t\t\t\t\t<img decoding=\"async\" width=\"960\" height=\"1096\" src=\"https:\/\/staging.acnoum.com\/wp-content\/uploads\/2022\/07\/1.jpg\" class=\"attachment-full size-full wp-image-176\" alt=\"\" srcset=\"https:\/\/staging.acnoum.com\/wp-content\/uploads\/2022\/07\/1.jpg 960w, https:\/\/staging.acnoum.com\/wp-content\/uploads\/2022\/07\/1-701x800.jpg 701w, https:\/\/staging.acnoum.com\/wp-content\/uploads\/2022\/07\/1-800x913.jpg 800w, https:\/\/staging.acnoum.com\/wp-content\/uploads\/2022\/07\/1-263x300.jpg 263w, https:\/\/staging.acnoum.com\/wp-content\/uploads\/2022\/07\/1-897x1024.jpg 897w, https:\/\/staging.acnoum.com\/wp-content\/uploads\/2022\/07\/1-768x877.jpg 768w\" sizes=\"(max-width: 960px) 100vw, 960px\" \/>\t\t\t\t\t\t\t\t\t\t\t\t\t<\/div>\n\t\t\t\t<\/div>\n\t\t\t\t\t<\/div>\n\t\t<\/div>\n\t\t\t\t\t<\/div>\n\t\t<\/section>\n\t\t\t\t<section class=\"elementor-section elementor-top-section elementor-element elementor-element-0df1cf6 elementor-section-full_width elementor-section-content-middle elementor-section-height-default elementor-section-height-default\" data-id=\"0df1cf6\" data-element_type=\"section\">\n\t\t\t\t\t\t<div class=\"elementor-container elementor-column-gap-no\">\n\t\t\t\t\t<div class=\"elementor-column elementor-col-50 elementor-top-column elementor-element elementor-element-2111ec3\" data-id=\"2111ec3\" data-element_type=\"column\">\n\t\t\t<div class=\"elementor-widget-wrap elementor-element-populated\">\n\t\t\t\t\t\t<div class=\"elementor-element elementor-element-b294c0e elementor-widget elementor-widget-text-editor\" data-id=\"b294c0e\" data-element_type=\"widget\" data-widget_type=\"text-editor.default\">\n\t\t\t\t<div class=\"elementor-widget-container\">\n\t\t\t\t\t\t\t<p>Projektowane w Krakowie. R\u0119cznie robione w Polsce.<\/p>\t\t\t\t\t\t<\/div>\n\t\t\t\t<\/div>\n\t\t\t\t<div class=\"elementor-element elementor-element-8ec1959 elementor-widget elementor-widget-text-editor\" data-id=\"8ec1959\" data-element_type=\"widget\" data-widget_type=\"text-editor.default\">\n\t\t\t\t<div class=\"elementor-widget-container\">\n\t\t\t\t\t\t\t<p>Nasze torebki powstaj\u0105 w ma\u0142ej, rodzinnej firmie, a ca\u0142y proces wykonywany jest r\u0119cznie.  Wyr\u00f3\u017cnikiem naszej marki s\u0105 r\u0119cznie plecione, sk\u00f3rzane elementy, kt\u00f3re nadaj\u0105 produktom indywidualnego i unikatowego charakteru.<\/p>\t\t\t\t\t\t<\/div>\n\t\t\t\t<\/div>\n\t\t\t\t<div class=\"elementor-element elementor-element-fa3bdc5 elementor-widget elementor-widget-text-editor\" data-id=\"fa3bdc5\" data-element_type=\"widget\" data-widget_type=\"text-editor.default\">\n\t\t\t\t<div class=\"elementor-widget-container\">\n\t\t\t\t\t\t\t<p>G\u0142\u00f3wnym za\u0142o\u017ceniem naszej marki nie jest sprzeda\u017c torebek, ale emocji.<\/p>\t\t\t\t\t\t<\/div>\n\t\t\t\t<\/div>\n\t\t\t\t\t<\/div>\n\t\t<\/div>\n\t\t\t\t<div class=\"elementor-column elementor-col-50 elementor-top-column elementor-element elementor-element-285694f\" data-id=\"285694f\" data-element_type=\"column\">\n\t\t\t<div class=\"elementor-widget-wrap elementor-element-populated\">\n\t\t\t\t\t\t<div class=\"elementor-element elementor-element-e07e078 elementor-widget elementor-widget-image\" data-id=\"e07e078\" data-element_type=\"widget\" data-widget_type=\"image.default\">\n\t\t\t\t<div class=\"elementor-widget-container\">\n\t\t\t\t\t\t\t\t\t\t\t\t\t<img decoding=\"async\" width=\"954\" height=\"1090\" src=\"https:\/\/staging.acnoum.com\/wp-content\/uploads\/2022\/07\/1-12.jpg\" class=\"attachment-full size-full wp-image-986\" alt=\"\" srcset=\"https:\/\/staging.acnoum.com\/wp-content\/uploads\/2022\/07\/1-12.jpg 954w, https:\/\/staging.acnoum.com\/wp-content\/uploads\/2022\/07\/1-12-263x300.jpg 263w, https:\/\/staging.acnoum.com\/wp-content\/uploads\/2022\/07\/1-12-896x1024.jpg 896w, https:\/\/staging.acnoum.com\/wp-content\/uploads\/2022\/07\/1-12-768x877.jpg 768w\" sizes=\"(max-width: 954px) 100vw, 954px\" \/>\t\t\t\t\t\t\t\t\t\t\t\t\t<\/div>\n\t\t\t\t<\/div>\n\t\t\t\t\t<\/div>\n\t\t<\/div>\n\t\t\t\t\t<\/div>\n\t\t<\/section>\n\t\t\t\t<section class=\"elementor-section elementor-top-section elementor-element elementor-element-0cc838a elementor-section-content-middle elementor-section-full_width elementor-section-height-default elementor-section-height-default\" data-id=\"0cc838a\" data-element_type=\"section\">\n\t\t\t\t\t\t<div class=\"elementor-container elementor-column-gap-default\">\n\t\t\t\t\t<div class=\"elementor-column elementor-col-100 elementor-top-column elementor-element elementor-element-d39b5bb\" data-id=\"d39b5bb\" data-element_type=\"column\">\n\t\t\t<div class=\"elementor-widget-wrap elementor-element-populated\">\n\t\t\t\t\t\t<div class=\"elementor-element elementor-element-b38194c elementor-widget elementor-widget-image\" data-id=\"b38194c\" data-element_type=\"widget\" data-widget_type=\"image.default\">\n\t\t\t\t<div class=\"elementor-widget-container\">\n\t\t\t\t\t\t\t\t\t\t\t\t\t<img loading=\"lazy\" decoding=\"async\" width=\"1920\" height=\"1096\" src=\"https:\/\/staging.acnoum.com\/wp-content\/uploads\/2022\/07\/b.jpg\" class=\"attachment-full size-full wp-image-1222\" alt=\"\" srcset=\"https:\/\/staging.acnoum.com\/wp-content\/uploads\/2022\/07\/b.jpg 1920w, https:\/\/staging.acnoum.com\/wp-content\/uploads\/2022\/07\/b-300x171.jpg 300w, https:\/\/staging.acnoum.com\/wp-content\/uploads\/2022\/07\/b-1024x585.jpg 1024w, https:\/\/staging.acnoum.com\/wp-content\/uploads\/2022\/07\/b-768x438.jpg 768w, https:\/\/staging.acnoum.com\/wp-content\/uploads\/2022\/07\/b-1536x877.jpg 1536w, https:\/\/staging.acnoum.com\/wp-content\/uploads\/2022\/07\/b-1200x685.jpg 1200w\" sizes=\"(max-width: 1920px) 100vw, 1920px\" \/>\t\t\t\t\t\t\t\t\t\t\t\t\t<\/div>\n\t\t\t\t<\/div>\n\t\t\t\t\t<\/div>\n\t\t<\/div>\n\t\t\t\t\t<\/div>\n\t\t<\/section>\n\t\t\t\t<section class=\"elementor-section elementor-top-section elementor-element elementor-element-ab4ff2f elementor-section-boxed elementor-section-height-default elementor-section-height-default\" data-id=\"ab4ff2f\" data-element_type=\"section\">\n\t\t\t\t\t\t<div class=\"elementor-container elementor-column-gap-no\">\n\t\t\t\t\t<div class=\"elementor-column elementor-col-100 elementor-top-column elementor-element elementor-element-87c67f9\" data-id=\"87c67f9\" data-element_type=\"column\">\n\t\t\t<div class=\"elementor-widget-wrap elementor-element-populated\">\n\t\t\t\t\t\t<div class=\"elementor-element elementor-element-d9cb582 elementor-widget elementor-widget-text-editor\" data-id=\"d9cb582\" data-element_type=\"widget\" data-widget_type=\"text-editor.default\">\n\t\t\t\t<div class=\"elementor-widget-container\">\n\t\t\t\t\t\t\t<p>Bezkompromisowe podej\u015bcie do jako\u015bci u\u017cytych materia\u0142\u00f3w charakteryzuje gotowy produkt. Staramy si\u0119 definiowa\u0107 \u015bwie\u017c\u0105 perspektyw\u0119, da\u0107 silnym i odwa\u017cnym kobietom mo\u017cliwo\u015b\u0107 celebracji ka\u017cdej chwili  z naszymi produktami.<\/p>\t\t\t\t\t\t<\/div>\n\t\t\t\t<\/div>\n\t\t\t\t<div class=\"elementor-element elementor-element-fe3f995 elementor-widget elementor-widget-text-editor\" data-id=\"fe3f995\" data-element_type=\"widget\" data-widget_type=\"text-editor.default\">\n\t\t\t\t<div class=\"elementor-widget-container\">\n\t\t\t\t\t\t\t<p>Projektujemy dla kobiet i z my\u015bl\u0105 o nich.<\/p>\t\t\t\t\t\t<\/div>\n\t\t\t\t<\/div>\n\t\t\t\t\t<\/div>\n\t\t<\/div>\n\t\t\t\t\t<\/div>\n\t\t<\/section>\n\t\t\t\t<\/div>","protected":false},"excerpt":{"rendered":"<p>FACEBOOKYOUTUBEINSTAGRAM The starting point for the creation of the brand was the idea of an object that should not only be enjoyed by the eye with a fashionable and timeless line, but also be practical. Our brand was founded in Cracow. All the handbags are sewn in Poland, with the greatest care for the quality [&hellip;]<\/p>","protected":false},"author":1,"featured_media":0,"parent":0,"menu_order":0,"comment_status":"closed","ping_status":"closed","template":"","meta":{"_mo_disable_npp":"","footnotes":""},"class_list":["post-1208","page","type-page","status-publish","hentry"],"_links":{"self":[{"href":"https:\/\/staging.acnoum.com\/pl\/wp-json\/wp\/v2\/pages\/1208","targetHints":{"allow":["GET"]}}],"collection":[{"href":"https:\/\/staging.acnoum.com\/pl\/wp-json\/wp\/v2\/pages"}],"about":[{"href":"https:\/\/staging.acnoum.com\/pl\/wp-json\/wp\/v2\/types\/page"}],"author":[{"embeddable":true,"href":"https:\/\/staging.acnoum.com\/pl\/wp-json\/wp\/v2\/users\/1"}],"replies":[{"embeddable":true,"href":"https:\/\/staging.acnoum.com\/pl\/wp-json\/wp\/v2\/comments?post=1208"}],"version-history":[{"count":42,"href":"https:\/\/staging.acnoum.com\/pl\/wp-json\/wp\/v2\/pages\/1208\/revisions"}],"predecessor-version":[{"id":1716,"href":"https:\/\/staging.acnoum.com\/pl\/wp-json\/wp\/v2\/pages\/1208\/revisions\/1716"}],"wp:attachment":[{"href":"https:\/\/staging.acnoum.com\/pl\/wp-json\/wp\/v2\/media?parent=1208"}],"curies":[{"name":"wp","href":"https:\/\/api.w.org\/{rel}","templated":true}]}}