{"id":2065,"date":"2022-10-31T09:12:29","date_gmt":"2022-10-31T09:12:29","guid":{"rendered":"https:\/\/acnoum.com\/?post_type=product&#038;p=2065"},"modified":"2024-03-11T06:32:32","modified_gmt":"2024-03-11T06:32:32","slug":"hobo_bag","status":"publish","type":"product","link":"https:\/\/staging.acnoum.com\/pl\/produkt\/hobo_bag\/","title":{"rendered":"HOBO_BAG"},"content":{"rendered":"<p>Torba do r\u0119ki lub na rami\u0119 typu hobo. Wewn\u0105trz \u015brednia sk\u00f3rzana kiesze\u0144\nzamykana na suwak. Torba zamykana na zamek. T\u0142oczone logo acnoum na zewn\u0105trz oraz wewn\u0105trz. Wyprodukowano w Polsce.<\/p>","protected":false},"excerpt":{"rendered":"<p>Torba do r\u0119ki lub na rami\u0119 typu hobo. Wewn\u0105trz \u015brednia sk\u00f3rzana kiesze\u0144\nzamykana na suwak. Torba zamykana na zamek. T\u0142oczone logo acnoum na zewn\u0105trz oraz wewn\u0105trz. Wyprodukowano w Polsce.<\/p>","protected":false},"featured_media":2074,"template":"","meta":{"_mo_disable_npp":""},"product_cat":[27,28],"product_tag":[],"class_list":{"0":"post-2065","1":"product","2":"type-product","3":"status-publish","4":"has-post-thumbnail","6":"product_cat-woman","7":"product_cat-bags","9":"first","10":"instock","11":"shipping-taxable","12":"purchasable","13":"product-type-simple"},"_links":{"self":[{"href":"https:\/\/staging.acnoum.com\/pl\/wp-json\/wp\/v2\/product\/2065","targetHints":{"allow":["GET"]}}],"collection":[{"href":"https:\/\/staging.acnoum.com\/pl\/wp-json\/wp\/v2\/product"}],"about":[{"href":"https:\/\/staging.acnoum.com\/pl\/wp-json\/wp\/v2\/types\/product"}],"version-history":[{"count":2,"href":"https:\/\/staging.acnoum.com\/pl\/wp-json\/wp\/v2\/product\/2065\/revisions"}],"predecessor-version":[{"id":2337,"href":"https:\/\/staging.acnoum.com\/pl\/wp-json\/wp\/v2\/product\/2065\/revisions\/2337"}],"wp:featuredmedia":[{"embeddable":true,"href":"https:\/\/staging.acnoum.com\/pl\/wp-json\/wp\/v2\/media\/2074"}],"wp:attachment":[{"href":"https:\/\/staging.acnoum.com\/pl\/wp-json\/wp\/v2\/media?parent=2065"}],"wp:term":[{"taxonomy":"product_cat","embeddable":true,"href":"https:\/\/staging.acnoum.com\/pl\/wp-json\/wp\/v2\/product_cat?post=2065"},{"taxonomy":"product_tag","embeddable":true,"href":"https:\/\/staging.acnoum.com\/pl\/wp-json\/wp\/v2\/product_tag?post=2065"}],"curies":[{"name":"wp","href":"https:\/\/api.w.org\/{rel}","templated":true}]}}