{"id":2390,"date":"2023-04-25T18:40:35","date_gmt":"2023-04-25T18:40:35","guid":{"rendered":"https:\/\/acnoum.com\/?post_type=product&#038;p=2390"},"modified":"2024-03-11T06:32:09","modified_gmt":"2024-03-11T06:32:09","slug":"bangle_hobo_brown","status":"publish","type":"product","link":"https:\/\/staging.acnoum.com\/pl\/produkt\/bangle_hobo_brown\/","title":{"rendered":"BANGLE_HOBO_BROWN"},"content":{"rendered":"<p>Torba do r\u0119ki lub na rami\u0119 typu hobo. Wewn\u0105trz \u015brednia sk\u00f3rzana kiesze\u0144\nzamykana na suwak. Z\u0142ote okucia. Torba zamykana na zamek. T\u0142oczone logo acnoum na zewn\u0105trz oraz wewn\u0105trz. Wyprodukowano w Polsce.<\/p>","protected":false},"excerpt":{"rendered":"<p>Torba do r\u0119ki lub na rami\u0119 typu hobo. Wewn\u0105trz \u015brednia sk\u00f3rzana kiesze\u0144\nzamykana na suwak. Z\u0142ote okucia. Torba zamykana na zamek. T\u0142oczone logo acnoum na zewn\u0105trz oraz wewn\u0105trz. Wyprodukowano w Polsce.<\/p>","protected":false},"featured_media":2301,"template":"","meta":{"_mo_disable_npp":""},"product_cat":[28,27],"product_tag":[],"class_list":{"0":"post-2390","1":"product","2":"type-product","3":"status-publish","4":"has-post-thumbnail","6":"product_cat-bags","7":"product_cat-woman","9":"first","10":"instock","11":"shipping-taxable","12":"purchasable","13":"product-type-simple"},"_links":{"self":[{"href":"https:\/\/staging.acnoum.com\/pl\/wp-json\/wp\/v2\/product\/2390","targetHints":{"allow":["GET"]}}],"collection":[{"href":"https:\/\/staging.acnoum.com\/pl\/wp-json\/wp\/v2\/product"}],"about":[{"href":"https:\/\/staging.acnoum.com\/pl\/wp-json\/wp\/v2\/types\/product"}],"version-history":[{"count":1,"href":"https:\/\/staging.acnoum.com\/pl\/wp-json\/wp\/v2\/product\/2390\/revisions"}],"predecessor-version":[{"id":2391,"href":"https:\/\/staging.acnoum.com\/pl\/wp-json\/wp\/v2\/product\/2390\/revisions\/2391"}],"wp:featuredmedia":[{"embeddable":true,"href":"https:\/\/staging.acnoum.com\/pl\/wp-json\/wp\/v2\/media\/2301"}],"wp:attachment":[{"href":"https:\/\/staging.acnoum.com\/pl\/wp-json\/wp\/v2\/media?parent=2390"}],"wp:term":[{"taxonomy":"product_cat","embeddable":true,"href":"https:\/\/staging.acnoum.com\/pl\/wp-json\/wp\/v2\/product_cat?post=2390"},{"taxonomy":"product_tag","embeddable":true,"href":"https:\/\/staging.acnoum.com\/pl\/wp-json\/wp\/v2\/product_tag?post=2390"}],"curies":[{"name":"wp","href":"https:\/\/api.w.org\/{rel}","templated":true}]}}