{"id":2427,"date":"2023-05-08T16:23:26","date_gmt":"2023-05-08T16:23:26","guid":{"rendered":"https:\/\/acnoum.com\/?post_type=product&#038;p=2427"},"modified":"2024-02-03T11:54:50","modified_gmt":"2024-02-03T11:54:50","slug":"padded_slides-_beige","status":"publish","type":"product","link":"https:\/\/staging.acnoum.com\/pl\/produkt\/padded_slides-_beige\/","title":{"rendered":"PADDED_SLIDES _BEIGE"},"content":{"rendered":"<p>Buty typu klapki z mi\u0119kkiej sk\u00f3ry z dwoma paskami. Zaokr\u0105glony nosek. T\u0142oczone logo acnoum na wy\u015bci\u00f3\u0142ce. Do\u0142\u0105czony worek do przechowywania. Wykonane r\u0119cznie we W\u0142oszech.<\/p>","protected":false},"excerpt":{"rendered":"<p>Buty typu klapki z mi\u0119kkiej sk\u00f3ry z dwoma paskami. Zaokr\u0105glony nosek. T\u0142oczone logo acnoum na wy\u015bci\u00f3\u0142ce. Do\u0142\u0105czony worek do przechowywania. Wykonane r\u0119cznie we W\u0142oszech.<\/p>","protected":false},"featured_media":2425,"template":"","meta":{"_mo_disable_npp":""},"product_cat":[49],"product_tag":[],"class_list":{"0":"post-2427","1":"product","2":"type-product","3":"status-publish","4":"has-post-thumbnail","6":"product_cat-shoes","8":"first","9":"instock","10":"shipping-taxable","11":"purchasable","12":"product-type-variable","13":"has-default-attributes"},"_links":{"self":[{"href":"https:\/\/staging.acnoum.com\/pl\/wp-json\/wp\/v2\/product\/2427","targetHints":{"allow":["GET"]}}],"collection":[{"href":"https:\/\/staging.acnoum.com\/pl\/wp-json\/wp\/v2\/product"}],"about":[{"href":"https:\/\/staging.acnoum.com\/pl\/wp-json\/wp\/v2\/types\/product"}],"version-history":[{"count":2,"href":"https:\/\/staging.acnoum.com\/pl\/wp-json\/wp\/v2\/product\/2427\/revisions"}],"predecessor-version":[{"id":2437,"href":"https:\/\/staging.acnoum.com\/pl\/wp-json\/wp\/v2\/product\/2427\/revisions\/2437"}],"wp:featuredmedia":[{"embeddable":true,"href":"https:\/\/staging.acnoum.com\/pl\/wp-json\/wp\/v2\/media\/2425"}],"wp:attachment":[{"href":"https:\/\/staging.acnoum.com\/pl\/wp-json\/wp\/v2\/media?parent=2427"}],"wp:term":[{"taxonomy":"product_cat","embeddable":true,"href":"https:\/\/staging.acnoum.com\/pl\/wp-json\/wp\/v2\/product_cat?post=2427"},{"taxonomy":"product_tag","embeddable":true,"href":"https:\/\/staging.acnoum.com\/pl\/wp-json\/wp\/v2\/product_tag?post=2427"}],"curies":[{"name":"wp","href":"https:\/\/api.w.org\/{rel}","templated":true}]}}