{"id":2455,"date":"2023-05-20T19:05:48","date_gmt":"2023-05-20T19:05:48","guid":{"rendered":"https:\/\/acnoum.com\/?post_type=product&#038;p=2455"},"modified":"2024-03-11T06:31:50","modified_gmt":"2024-03-11T06:31:50","slug":"crochet_mini_black-copy","status":"publish","type":"product","link":"https:\/\/staging.acnoum.com\/pl\/produkt\/crochet_mini_black-copy\/","title":{"rendered":"CROCHET_MINI_BEIGE"},"content":{"rendered":"<p>Ma\u0142a, pleciona torebka do r\u0119ki. Wewn\u0105trz jedna komora. Bez podszewki. Do\u0142\u0105czony worek do przechowywania. Wykonana\nr\u0119cznie w Polsce na szyde\u0142ku.<\/p>","protected":false},"excerpt":{"rendered":"<p>Ma\u0142a, pleciona torebka do r\u0119ki. Wewn\u0105trz jedna komora. Bez podszewki. Do\u0142\u0105czony worek do przechowywania. Wykonana\nr\u0119cznie w Polsce na szyde\u0142ku.<\/p>","protected":false},"featured_media":2451,"template":"","meta":{"_mo_disable_npp":""},"product_cat":[50,27],"product_tag":[],"class_list":{"0":"post-2455","1":"product","2":"type-product","3":"status-publish","4":"has-post-thumbnail","6":"product_cat-crochet-bags","7":"product_cat-woman","9":"first","10":"instock","11":"shipping-taxable","12":"purchasable","13":"product-type-simple"},"_links":{"self":[{"href":"https:\/\/staging.acnoum.com\/pl\/wp-json\/wp\/v2\/product\/2455","targetHints":{"allow":["GET"]}}],"collection":[{"href":"https:\/\/staging.acnoum.com\/pl\/wp-json\/wp\/v2\/product"}],"about":[{"href":"https:\/\/staging.acnoum.com\/pl\/wp-json\/wp\/v2\/types\/product"}],"version-history":[{"count":3,"href":"https:\/\/staging.acnoum.com\/pl\/wp-json\/wp\/v2\/product\/2455\/revisions"}],"predecessor-version":[{"id":2461,"href":"https:\/\/staging.acnoum.com\/pl\/wp-json\/wp\/v2\/product\/2455\/revisions\/2461"}],"wp:featuredmedia":[{"embeddable":true,"href":"https:\/\/staging.acnoum.com\/pl\/wp-json\/wp\/v2\/media\/2451"}],"wp:attachment":[{"href":"https:\/\/staging.acnoum.com\/pl\/wp-json\/wp\/v2\/media?parent=2455"}],"wp:term":[{"taxonomy":"product_cat","embeddable":true,"href":"https:\/\/staging.acnoum.com\/pl\/wp-json\/wp\/v2\/product_cat?post=2455"},{"taxonomy":"product_tag","embeddable":true,"href":"https:\/\/staging.acnoum.com\/pl\/wp-json\/wp\/v2\/product_tag?post=2455"}],"curies":[{"name":"wp","href":"https:\/\/api.w.org\/{rel}","templated":true}]}}