{"id":2478,"date":"2023-06-08T17:46:48","date_gmt":"2023-06-08T17:46:48","guid":{"rendered":"https:\/\/acnoum.com\/?post_type=product&#038;p=2478"},"modified":"2024-03-11T06:31:39","modified_gmt":"2024-03-11T06:31:39","slug":"tangle_mini_-sack","status":"publish","type":"product","link":"https:\/\/staging.acnoum.com\/pl\/produkt\/tangle_mini_-sack\/","title":{"rendered":"TANGLE_MINI_ SACK"},"content":{"rendered":"<p>Ma\u0142y czarny worek z ozdobnym \u0142a\u0144cuchem do r\u0119ki lub typu crossbody. \nZamykany przy pomocy sk\u00f3rzanych rzemyk\u00f3w. Wyt\u0142oczona nazwa acnoum na zewn\u0105trz. Do\u0142\u0105czona torba przeciwkurzowa. Wykonane r\u0119cznie w Polsce.<\/p>","protected":false},"excerpt":{"rendered":"<p>Ma\u0142y czarny worek z ozdobnym \u0142a\u0144cuchem do r\u0119ki lub typu crossbody. \nZamykany przy pomocy sk\u00f3rzanych rzemyk\u00f3w. Wyt\u0142oczona nazwa acnoum na zewn\u0105trz. Do\u0142\u0105czona torba przeciwkurzowa. Wykonane r\u0119cznie w Polsce.<\/p>","protected":false},"featured_media":2479,"template":"","meta":{"_mo_disable_npp":""},"product_cat":[28,27],"product_tag":[],"class_list":{"0":"post-2478","1":"product","2":"type-product","3":"status-publish","4":"has-post-thumbnail","6":"product_cat-bags","7":"product_cat-woman","9":"first","10":"instock","11":"shipping-taxable","12":"purchasable","13":"product-type-simple"},"_links":{"self":[{"href":"https:\/\/staging.acnoum.com\/pl\/wp-json\/wp\/v2\/product\/2478","targetHints":{"allow":["GET"]}}],"collection":[{"href":"https:\/\/staging.acnoum.com\/pl\/wp-json\/wp\/v2\/product"}],"about":[{"href":"https:\/\/staging.acnoum.com\/pl\/wp-json\/wp\/v2\/types\/product"}],"version-history":[{"count":1,"href":"https:\/\/staging.acnoum.com\/pl\/wp-json\/wp\/v2\/product\/2478\/revisions"}],"predecessor-version":[{"id":2485,"href":"https:\/\/staging.acnoum.com\/pl\/wp-json\/wp\/v2\/product\/2478\/revisions\/2485"}],"wp:featuredmedia":[{"embeddable":true,"href":"https:\/\/staging.acnoum.com\/pl\/wp-json\/wp\/v2\/media\/2479"}],"wp:attachment":[{"href":"https:\/\/staging.acnoum.com\/pl\/wp-json\/wp\/v2\/media?parent=2478"}],"wp:term":[{"taxonomy":"product_cat","embeddable":true,"href":"https:\/\/staging.acnoum.com\/pl\/wp-json\/wp\/v2\/product_cat?post=2478"},{"taxonomy":"product_tag","embeddable":true,"href":"https:\/\/staging.acnoum.com\/pl\/wp-json\/wp\/v2\/product_tag?post=2478"}],"curies":[{"name":"wp","href":"https:\/\/api.w.org\/{rel}","templated":true}]}}