{"id":2700,"date":"2023-09-17T12:02:48","date_gmt":"2023-09-17T12:02:48","guid":{"rendered":"https:\/\/acnoum.com\/?post_type=product&#038;p=2700"},"modified":"2024-03-11T06:30:29","modified_gmt":"2024-03-11T06:30:29","slug":"chain_pillow_cuoio","status":"publish","type":"product","link":"https:\/\/staging.acnoum.com\/pl\/produkt\/chain_pillow_cuoio\/","title":{"rendered":"CHAIN_PILLOW_CUOIO"},"content":{"rendered":"<p>\u015aredniej wielko\u015bci torba w kolorze cuoio do r\u0119ki lub typu crossbody. Wewn\u0105trz ma\u0142a kiesze\u0144 zamykana na suwak oraz jedna komora. Dodatkowo pleciony pasek do r\u0119ki. Zapi\u0119cie na magnes. Z\u0142ote okucia. Metalowe logo acnoum na zewn\u0105trz. Do\u0142\u0105czony worek do przechowywania. Wyprodukowano w Polsce.<\/p>","protected":false},"excerpt":{"rendered":"<p>\u015aredniej wielko\u015bci torba w kolorze cuoio do r\u0119ki lub typu crossbody. Wewn\u0105trz ma\u0142a kiesze\u0144 zamykana na suwak oraz jedna komora. Dodatkowo pleciony pasek do r\u0119ki. Zapi\u0119cie na magnes. Z\u0142ote okucia. Metalowe logo acnoum na zewn\u0105trz. Do\u0142\u0105czony worek do przechowywania. Wyprodukowano w Polsce.<\/p>","protected":false},"featured_media":2320,"template":"","meta":{"_mo_disable_npp":""},"product_cat":[28,27],"product_tag":[],"class_list":{"0":"post-2700","1":"product","2":"type-product","3":"status-publish","4":"has-post-thumbnail","6":"product_cat-bags","7":"product_cat-woman","9":"first","10":"instock","11":"shipping-taxable","12":"purchasable","13":"product-type-simple"},"_links":{"self":[{"href":"https:\/\/staging.acnoum.com\/pl\/wp-json\/wp\/v2\/product\/2700","targetHints":{"allow":["GET"]}}],"collection":[{"href":"https:\/\/staging.acnoum.com\/pl\/wp-json\/wp\/v2\/product"}],"about":[{"href":"https:\/\/staging.acnoum.com\/pl\/wp-json\/wp\/v2\/types\/product"}],"version-history":[{"count":1,"href":"https:\/\/staging.acnoum.com\/pl\/wp-json\/wp\/v2\/product\/2700\/revisions"}],"predecessor-version":[{"id":2701,"href":"https:\/\/staging.acnoum.com\/pl\/wp-json\/wp\/v2\/product\/2700\/revisions\/2701"}],"wp:featuredmedia":[{"embeddable":true,"href":"https:\/\/staging.acnoum.com\/pl\/wp-json\/wp\/v2\/media\/2320"}],"wp:attachment":[{"href":"https:\/\/staging.acnoum.com\/pl\/wp-json\/wp\/v2\/media?parent=2700"}],"wp:term":[{"taxonomy":"product_cat","embeddable":true,"href":"https:\/\/staging.acnoum.com\/pl\/wp-json\/wp\/v2\/product_cat?post=2700"},{"taxonomy":"product_tag","embeddable":true,"href":"https:\/\/staging.acnoum.com\/pl\/wp-json\/wp\/v2\/product_tag?post=2700"}],"curies":[{"name":"wp","href":"https:\/\/api.w.org\/{rel}","templated":true}]}}