{"id":2702,"date":"2023-09-17T12:14:48","date_gmt":"2023-09-17T12:14:48","guid":{"rendered":"https:\/\/acnoum.com\/?post_type=product&#038;p=2702"},"modified":"2024-03-11T06:29:01","modified_gmt":"2024-03-11T06:29:01","slug":"tangle_soft_-sack-2","status":"publish","type":"product","link":"https:\/\/staging.acnoum.com\/pl\/produkt\/tangle_soft_-sack-2\/","title":{"rendered":"TANGLE_SOFT_ SACK"},"content":{"rendered":"<p class=\" translation-block\">Mi\u0119kki czarny worek z ozdobnym, plecionym paskiem do r\u0119ki. Wewn\u0105trz ma\u0142a kiesze\u0144.\nZamykany przy pomocy sk\u00f3rzanych rzemyk\u00f3w. T\u0142oczone logo acnoum wewn\u0105trz. Do\u0142\u0105czony worek do przechowywania. Wyprodukowano w Polsce.<\/p>","protected":false},"excerpt":{"rendered":"<p class=\" translation-block\">Mi\u0119kki czarny worek z ozdobnym, plecionym paskiem do r\u0119ki. Wewn\u0105trz ma\u0142a kiesze\u0144.\nZamykany przy pomocy sk\u00f3rzanych rzemyk\u00f3w. T\u0142oczone logo acnoum wewn\u0105trz. Do\u0142\u0105czony worek do przechowywania. Wyprodukowano w Polsce.<\/p>","protected":false},"featured_media":849,"template":"","meta":{"_mo_disable_npp":""},"product_cat":[28,27],"product_tag":[],"class_list":{"0":"post-2702","1":"product","2":"type-product","3":"status-publish","4":"has-post-thumbnail","6":"product_cat-bags","7":"product_cat-woman","9":"first","10":"instock","11":"shipping-taxable","12":"purchasable","13":"product-type-simple"},"_links":{"self":[{"href":"https:\/\/staging.acnoum.com\/pl\/wp-json\/wp\/v2\/product\/2702","targetHints":{"allow":["GET"]}}],"collection":[{"href":"https:\/\/staging.acnoum.com\/pl\/wp-json\/wp\/v2\/product"}],"about":[{"href":"https:\/\/staging.acnoum.com\/pl\/wp-json\/wp\/v2\/types\/product"}],"version-history":[{"count":1,"href":"https:\/\/staging.acnoum.com\/pl\/wp-json\/wp\/v2\/product\/2702\/revisions"}],"predecessor-version":[{"id":2703,"href":"https:\/\/staging.acnoum.com\/pl\/wp-json\/wp\/v2\/product\/2702\/revisions\/2703"}],"wp:featuredmedia":[{"embeddable":true,"href":"https:\/\/staging.acnoum.com\/pl\/wp-json\/wp\/v2\/media\/849"}],"wp:attachment":[{"href":"https:\/\/staging.acnoum.com\/pl\/wp-json\/wp\/v2\/media?parent=2702"}],"wp:term":[{"taxonomy":"product_cat","embeddable":true,"href":"https:\/\/staging.acnoum.com\/pl\/wp-json\/wp\/v2\/product_cat?post=2702"},{"taxonomy":"product_tag","embeddable":true,"href":"https:\/\/staging.acnoum.com\/pl\/wp-json\/wp\/v2\/product_tag?post=2702"}],"curies":[{"name":"wp","href":"https:\/\/api.w.org\/{rel}","templated":true}]}}