{"id":627,"date":"2022-07-12T15:20:38","date_gmt":"2022-07-12T15:20:38","guid":{"rendered":"https:\/\/acnoum.tk\/?post_type=product&#038;p=627"},"modified":"2024-02-15T11:16:12","modified_gmt":"2024-02-15T11:16:12","slug":"tangle_baguette_medium","status":"publish","type":"product","link":"https:\/\/staging.acnoum.com\/pl\/produkt\/tangle_baguette_medium\/","title":{"rendered":"TANGLE_BAGUETTE_MEDIUM"},"content":{"rendered":"<p>\u015aredniej wielko\u015bci czarna torba z ozdobnym paskiem do r\u0119ki. Wewn\u0105trz ma\u0142a kiesze\u0144 zamykana na suwak oraz dwie komory. Zapi\u0119cie na magnes. Z\u0142ote okucia. T\u0142oczone logo acnoum wewn\u0105trz. Do\u0142\u0105czony worek do przechowywania. Wyprodukowano w Polsce.<\/p>","protected":false},"excerpt":{"rendered":"<p>\u015aredniej wielko\u015bci czarna torba z ozdobnym paskiem do r\u0119ki. Wewn\u0105trz ma\u0142a kiesze\u0144 zamykana na suwak oraz dwie komory. Zapi\u0119cie na magnes. Z\u0142ote okucia. T\u0142oczone logo acnoum wewn\u0105trz. Do\u0142\u0105czony worek do przechowywania. Wyprodukowano w Polsce.<\/p>","protected":false},"featured_media":835,"template":"","meta":{"_mo_disable_npp":""},"product_cat":[27,28],"product_tag":[],"class_list":{"0":"post-627","1":"product","2":"type-product","3":"status-publish","4":"has-post-thumbnail","6":"product_cat-woman","7":"product_cat-bags","9":"first","10":"outofstock","11":"shipping-taxable","12":"purchasable","13":"product-type-simple"},"_links":{"self":[{"href":"https:\/\/staging.acnoum.com\/pl\/wp-json\/wp\/v2\/product\/627","targetHints":{"allow":["GET"]}}],"collection":[{"href":"https:\/\/staging.acnoum.com\/pl\/wp-json\/wp\/v2\/product"}],"about":[{"href":"https:\/\/staging.acnoum.com\/pl\/wp-json\/wp\/v2\/types\/product"}],"version-history":[{"count":2,"href":"https:\/\/staging.acnoum.com\/pl\/wp-json\/wp\/v2\/product\/627\/revisions"}],"predecessor-version":[{"id":840,"href":"https:\/\/staging.acnoum.com\/pl\/wp-json\/wp\/v2\/product\/627\/revisions\/840"}],"wp:featuredmedia":[{"embeddable":true,"href":"https:\/\/staging.acnoum.com\/pl\/wp-json\/wp\/v2\/media\/835"}],"wp:attachment":[{"href":"https:\/\/staging.acnoum.com\/pl\/wp-json\/wp\/v2\/media?parent=627"}],"wp:term":[{"taxonomy":"product_cat","embeddable":true,"href":"https:\/\/staging.acnoum.com\/pl\/wp-json\/wp\/v2\/product_cat?post=627"},{"taxonomy":"product_tag","embeddable":true,"href":"https:\/\/staging.acnoum.com\/pl\/wp-json\/wp\/v2\/product_tag?post=627"}],"curies":[{"name":"wp","href":"https:\/\/api.w.org\/{rel}","templated":true}]}}