{"id":631,"date":"2022-07-12T15:20:38","date_gmt":"2022-07-12T15:20:38","guid":{"rendered":"https:\/\/acnoum.tk\/?post_type=product&#038;p=631"},"modified":"2024-03-11T06:33:03","modified_gmt":"2024-03-11T06:33:03","slug":"baguette_medium_gray","status":"publish","type":"product","link":"https:\/\/staging.acnoum.com\/pl\/produkt\/baguette_medium_gray\/","title":{"rendered":"BAGUETTE_MEDIUM_GRAY"},"content":{"rendered":"<p>\u015aredniej wielko\u015bci torba na rami\u0119 lub typu crossbody t\u0142oczona we wz\u00f3r jaszczurki. Wewn\u0105trz ma\u0142a kiesze\u0144 zamykana na suwak oraz dwie komory. Zapi\u0119cie na magnes. Z\u0142ote okucia. T\u0142oczone logo acnoum wewn\u0105trz. Do\u0142\u0105czony worek do przechowywania. Wyprodukowano w Polsce.<\/p>","protected":false},"excerpt":{"rendered":"<p>\u015aredniej wielko\u015bci torba na rami\u0119 lub typu crossbody t\u0142oczona we wz\u00f3r jaszczurki. Wewn\u0105trz ma\u0142a kiesze\u0144 zamykana na suwak oraz dwie komory. Zapi\u0119cie na magnes. Z\u0142ote okucia. T\u0142oczone logo acnoum wewn\u0105trz. Do\u0142\u0105czony worek do przechowywania. Wyprodukowano w Polsce.<\/p>","protected":false},"featured_media":802,"template":"","meta":{"_mo_disable_npp":""},"product_cat":[27,28],"product_tag":[],"class_list":{"0":"post-631","1":"product","2":"type-product","3":"status-publish","4":"has-post-thumbnail","6":"product_cat-woman","7":"product_cat-bags","9":"first","10":"instock","11":"shipping-taxable","12":"purchasable","13":"product-type-simple"},"_links":{"self":[{"href":"https:\/\/staging.acnoum.com\/pl\/wp-json\/wp\/v2\/product\/631","targetHints":{"allow":["GET"]}}],"collection":[{"href":"https:\/\/staging.acnoum.com\/pl\/wp-json\/wp\/v2\/product"}],"about":[{"href":"https:\/\/staging.acnoum.com\/pl\/wp-json\/wp\/v2\/types\/product"}],"version-history":[{"count":2,"href":"https:\/\/staging.acnoum.com\/pl\/wp-json\/wp\/v2\/product\/631\/revisions"}],"predecessor-version":[{"id":808,"href":"https:\/\/staging.acnoum.com\/pl\/wp-json\/wp\/v2\/product\/631\/revisions\/808"}],"wp:featuredmedia":[{"embeddable":true,"href":"https:\/\/staging.acnoum.com\/pl\/wp-json\/wp\/v2\/media\/802"}],"wp:attachment":[{"href":"https:\/\/staging.acnoum.com\/pl\/wp-json\/wp\/v2\/media?parent=631"}],"wp:term":[{"taxonomy":"product_cat","embeddable":true,"href":"https:\/\/staging.acnoum.com\/pl\/wp-json\/wp\/v2\/product_cat?post=631"},{"taxonomy":"product_tag","embeddable":true,"href":"https:\/\/staging.acnoum.com\/pl\/wp-json\/wp\/v2\/product_tag?post=631"}],"curies":[{"name":"wp","href":"https:\/\/api.w.org\/{rel}","templated":true}]}}