{"id":633,"date":"2022-07-12T15:20:38","date_gmt":"2022-07-12T15:20:38","guid":{"rendered":"https:\/\/acnoum.tk\/?post_type=product&#038;p=633"},"modified":"2023-11-27T16:56:16","modified_gmt":"2023-11-27T16:56:16","slug":"tangle_pendant_01","status":"publish","type":"product","link":"https:\/\/staging.acnoum.com\/pl\/produkt\/tangle_pendant_01\/","title":{"rendered":"TANGLE_PENDANT_01"},"content":{"rendered":"<p>Sk\u00f3rzany, pleciony brelok ze z\u0142otymi elementami. Mo\u017cna go przypi\u0105\u0107 do torebki lub wykorzysta\u0107 jako brelok do kluczy. Wyprodukowany w Polsce.<\/p>","protected":false},"excerpt":{"rendered":"<p>Sk\u00f3rzany, pleciony brelok ze z\u0142otymi elementami. Mo\u017cna go przypi\u0105\u0107 do torebki lub wykorzysta\u0107 jako brelok do kluczy. Wyprodukowany w Polsce.<\/p>","protected":false},"featured_media":1056,"template":"","meta":{"_mo_disable_npp":""},"product_cat":[27,30],"product_tag":[],"class_list":{"0":"post-633","1":"product","2":"type-product","3":"status-publish","4":"has-post-thumbnail","6":"product_cat-woman","7":"product_cat-small-leather-goods","9":"first","10":"instock","11":"shipping-taxable","12":"purchasable","13":"product-type-simple"},"_links":{"self":[{"href":"https:\/\/staging.acnoum.com\/pl\/wp-json\/wp\/v2\/product\/633","targetHints":{"allow":["GET"]}}],"collection":[{"href":"https:\/\/staging.acnoum.com\/pl\/wp-json\/wp\/v2\/product"}],"about":[{"href":"https:\/\/staging.acnoum.com\/pl\/wp-json\/wp\/v2\/types\/product"}],"version-history":[{"count":2,"href":"https:\/\/staging.acnoum.com\/pl\/wp-json\/wp\/v2\/product\/633\/revisions"}],"predecessor-version":[{"id":1058,"href":"https:\/\/staging.acnoum.com\/pl\/wp-json\/wp\/v2\/product\/633\/revisions\/1058"}],"wp:featuredmedia":[{"embeddable":true,"href":"https:\/\/staging.acnoum.com\/pl\/wp-json\/wp\/v2\/media\/1056"}],"wp:attachment":[{"href":"https:\/\/staging.acnoum.com\/pl\/wp-json\/wp\/v2\/media?parent=633"}],"wp:term":[{"taxonomy":"product_cat","embeddable":true,"href":"https:\/\/staging.acnoum.com\/pl\/wp-json\/wp\/v2\/product_cat?post=633"},{"taxonomy":"product_tag","embeddable":true,"href":"https:\/\/staging.acnoum.com\/pl\/wp-json\/wp\/v2\/product_tag?post=633"}],"curies":[{"name":"wp","href":"https:\/\/api.w.org\/{rel}","templated":true}]}}