{"id":635,"date":"2022-07-12T15:20:39","date_gmt":"2022-07-12T15:20:39","guid":{"rendered":"https:\/\/acnoum.tk\/?post_type=product&#038;p=635"},"modified":"2023-08-16T07:30:21","modified_gmt":"2023-08-16T07:30:21","slug":"tangle_pendant_03","status":"publish","type":"product","link":"https:\/\/staging.acnoum.com\/pl\/produkt\/tangle_pendant_03\/","title":{"rendered":"TANGLE_PENDANT_03"},"content":{"rendered":"<p>Sk\u00f3rzany, pleciony brelok ze z\u0142otymi elementami. Mo\u017cna go przypi\u0105\u0107 do torebki lub wykorzysta\u0107 jako brelok do kluczy. Wyprodukowany w Polsce.<\/p>","protected":false},"excerpt":{"rendered":"<p>Tangle tassels black pendant with gold metal elements.<\/p>\n<p>? Composition: 100% genuine leather<\/p>","protected":false},"featured_media":1063,"template":"","meta":{"_mo_disable_npp":""},"product_cat":[27,30],"product_tag":[],"class_list":{"0":"post-635","1":"product","2":"type-product","3":"status-publish","4":"has-post-thumbnail","6":"product_cat-woman","7":"product_cat-small-leather-goods","9":"first","10":"instock","11":"shipping-taxable","12":"purchasable","13":"product-type-simple"},"_links":{"self":[{"href":"https:\/\/staging.acnoum.com\/pl\/wp-json\/wp\/v2\/product\/635","targetHints":{"allow":["GET"]}}],"collection":[{"href":"https:\/\/staging.acnoum.com\/pl\/wp-json\/wp\/v2\/product"}],"about":[{"href":"https:\/\/staging.acnoum.com\/pl\/wp-json\/wp\/v2\/types\/product"}],"version-history":[{"count":3,"href":"https:\/\/staging.acnoum.com\/pl\/wp-json\/wp\/v2\/product\/635\/revisions"}],"predecessor-version":[{"id":1066,"href":"https:\/\/staging.acnoum.com\/pl\/wp-json\/wp\/v2\/product\/635\/revisions\/1066"}],"wp:featuredmedia":[{"embeddable":true,"href":"https:\/\/staging.acnoum.com\/pl\/wp-json\/wp\/v2\/media\/1063"}],"wp:attachment":[{"href":"https:\/\/staging.acnoum.com\/pl\/wp-json\/wp\/v2\/media?parent=635"}],"wp:term":[{"taxonomy":"product_cat","embeddable":true,"href":"https:\/\/staging.acnoum.com\/pl\/wp-json\/wp\/v2\/product_cat?post=635"},{"taxonomy":"product_tag","embeddable":true,"href":"https:\/\/staging.acnoum.com\/pl\/wp-json\/wp\/v2\/product_tag?post=635"}],"curies":[{"name":"wp","href":"https:\/\/api.w.org\/{rel}","templated":true}]}}