{"id":640,"date":"2022-07-12T15:20:39","date_gmt":"2022-07-12T15:20:39","guid":{"rendered":"https:\/\/acnoum.tk\/?post_type=product&#038;p=640"},"modified":"2024-03-01T20:53:11","modified_gmt":"2024-03-01T20:53:11","slug":"mesh_handbag","status":"publish","type":"product","link":"https:\/\/staging.acnoum.com\/pl\/produkt\/mesh_handbag\/","title":{"rendered":"MESH_HANDBAG"},"content":{"rendered":"<p>\u015aredniej wielko\u015bci czarna torba z wyjmowanym mi\u0119kkim sk\u00f3rzanym workiem. Wewn\u0105trz ma\u0142a kiesze\u0144. Zamykana przy pomocy sk\u00f3rzanych rzemyk\u00f3w. T\u0142oczone logo acnoum na zewn\u0105trz. Do\u0142\u0105czony worek do przechowywania. Wykonana r\u0119cznie w Polsce.<\/p>","protected":false},"excerpt":{"rendered":"<p>\u015aredniej wielko\u015bci czarna torba z wyjmowanym mi\u0119kkim sk\u00f3rzanym workiem. Wewn\u0105trz ma\u0142a kiesze\u0144. Zamykana przy pomocy sk\u00f3rzanych rzemyk\u00f3w. T\u0142oczone logo acnoum na zewn\u0105trz. Do\u0142\u0105czony worek do przechowywania. Wykonana r\u0119cznie w Polsce.<\/p>","protected":false},"featured_media":787,"template":"","meta":{"_mo_disable_npp":""},"product_cat":[27,28],"product_tag":[],"class_list":{"0":"post-640","1":"product","2":"type-product","3":"status-publish","4":"has-post-thumbnail","6":"product_cat-woman","7":"product_cat-bags","9":"first","10":"outofstock","11":"shipping-taxable","12":"purchasable","13":"product-type-simple"},"_links":{"self":[{"href":"https:\/\/staging.acnoum.com\/pl\/wp-json\/wp\/v2\/product\/640","targetHints":{"allow":["GET"]}}],"collection":[{"href":"https:\/\/staging.acnoum.com\/pl\/wp-json\/wp\/v2\/product"}],"about":[{"href":"https:\/\/staging.acnoum.com\/pl\/wp-json\/wp\/v2\/types\/product"}],"version-history":[{"count":5,"href":"https:\/\/staging.acnoum.com\/pl\/wp-json\/wp\/v2\/product\/640\/revisions"}],"predecessor-version":[{"id":1092,"href":"https:\/\/staging.acnoum.com\/pl\/wp-json\/wp\/v2\/product\/640\/revisions\/1092"}],"wp:featuredmedia":[{"embeddable":true,"href":"https:\/\/staging.acnoum.com\/pl\/wp-json\/wp\/v2\/media\/787"}],"wp:attachment":[{"href":"https:\/\/staging.acnoum.com\/pl\/wp-json\/wp\/v2\/media?parent=640"}],"wp:term":[{"taxonomy":"product_cat","embeddable":true,"href":"https:\/\/staging.acnoum.com\/pl\/wp-json\/wp\/v2\/product_cat?post=640"},{"taxonomy":"product_tag","embeddable":true,"href":"https:\/\/staging.acnoum.com\/pl\/wp-json\/wp\/v2\/product_tag?post=640"}],"curies":[{"name":"wp","href":"https:\/\/api.w.org\/{rel}","templated":true}]}}